{"id":37151,"date":"2025-05-12T09:18:30","date_gmt":"2025-05-12T12:18:30","guid":{"rendered":"https:\/\/www.espacity.com\/w\/?page_id=37151"},"modified":"2025-11-02T16:01:02","modified_gmt":"2025-11-02T19:01:02","slug":"hotsale","status":"publish","type":"page","link":"https:\/\/www.espacity.com\/w\/hotsale\/","title":{"rendered":"Hotsale de Muebles ESP\u00c1CITY"},"content":{"rendered":"\t\t<div data-elementor-type=\"wp-page\" data-elementor-id=\"37151\" class=\"elementor elementor-37151\" data-elementor-post-type=\"page\">\n\t\t\t\t<div class=\"elementor-element elementor-element-4ffd5c72 e-con-full e-flex e-con e-parent\" data-id=\"4ffd5c72\" data-element_type=\"container\" data-e-type=\"container\" data-settings=\"{&quot;background_background&quot;:&quot;classic&quot;}\">\n\t\t<div class=\"elementor-element elementor-element-29f3647d e-flex e-con-boxed e-con e-child\" data-id=\"29f3647d\" data-element_type=\"container\" data-e-type=\"container\">\n\t\t\t\t\t<div class=\"e-con-inner\">\n\t\t\t\t<div class=\"elementor-element elementor-element-3cb095df elementor-arrows-position-outside elementor-hidden-tablet elementor-hidden-mobile elementor-widget elementor-widget-image-carousel\" data-id=\"3cb095df\" data-element_type=\"widget\" data-e-type=\"widget\" data-settings=\"{&quot;slides_to_show&quot;:&quot;1&quot;,&quot;navigation&quot;:&quot;arrows&quot;,&quot;autoplay&quot;:&quot;yes&quot;,&quot;pause_on_hover&quot;:&quot;yes&quot;,&quot;pause_on_interaction&quot;:&quot;yes&quot;,&quot;autoplay_speed&quot;:5000,&quot;infinite&quot;:&quot;yes&quot;,&quot;effect&quot;:&quot;slide&quot;,&quot;speed&quot;:500}\" data-widget_type=\"image-carousel.default\">\n\t\t\t\t<div class=\"elementor-widget-container\">\n\t\t\t\t\t\t\t<div class=\"elementor-image-carousel-wrapper swiper\" role=\"region\" aria-roledescription=\"carousel\" aria-label=\"Carrusel de im\u00e1genes\" dir=\"ltr\">\n\t\t\t<div class=\"elementor-image-carousel swiper-wrapper\" aria-live=\"off\">\n\t\t\t\t\t\t\t\t<div class=\"swiper-slide\" role=\"group\" aria-roledescription=\"slide\" aria-label=\"1 de 1\"><figure class=\"swiper-slide-inner\"><img decoding=\"async\" class=\"swiper-slide-image\" src=\"https:\/\/www.espacity.com\/w\/wp-content\/uploads\/2025\/05\/2025-espacity-hotsale-PORTADA-FIN-1-D.jpg\" alt=\"2025-espacity-hotsale-PORTADA-FIN-1-D\" \/><\/figure><\/div>\t\t\t<\/div>\n\t\t\t\t\t<\/div>\n\t\t\t\t\t\t<\/div>\n\t\t\t\t<\/div>\n\t\t\t\t<div class=\"elementor-element elementor-element-777b9fef elementor-arrows-position-outside elementor-hidden-desktop elementor-widget elementor-widget-image-carousel\" data-id=\"777b9fef\" data-element_type=\"widget\" data-e-type=\"widget\" data-settings=\"{&quot;slides_to_show&quot;:&quot;1&quot;,&quot;navigation&quot;:&quot;arrows&quot;,&quot;autoplay&quot;:&quot;yes&quot;,&quot;pause_on_hover&quot;:&quot;yes&quot;,&quot;pause_on_interaction&quot;:&quot;yes&quot;,&quot;autoplay_speed&quot;:5000,&quot;infinite&quot;:&quot;yes&quot;,&quot;effect&quot;:&quot;slide&quot;,&quot;speed&quot;:500}\" data-widget_type=\"image-carousel.default\">\n\t\t\t\t<div class=\"elementor-widget-container\">\n\t\t\t\t\t\t\t<div class=\"elementor-image-carousel-wrapper swiper\" role=\"region\" aria-roledescription=\"carousel\" aria-label=\"Carrusel de im\u00e1genes\" dir=\"ltr\">\n\t\t\t<div class=\"elementor-image-carousel swiper-wrapper\" aria-live=\"off\">\n\t\t\t\t\t\t\t\t<div class=\"swiper-slide\" role=\"group\" aria-roledescription=\"slide\" aria-label=\"1 de 1\"><figure class=\"swiper-slide-inner\"><img decoding=\"async\" class=\"swiper-slide-image\" src=\"https:\/\/www.espacity.com\/w\/wp-content\/uploads\/2025\/05\/2025-espacity-hotsale-PORTADA-FIN-1-M.jpg\" alt=\"2025-espacity-hotsale-PORTADA-FIN-1-M\" \/><\/figure><\/div>\t\t\t<\/div>\n\t\t\t\t\t<\/div>\n\t\t\t\t\t\t<\/div>\n\t\t\t\t<\/div>\n\t\t\t\t\t<\/div>\n\t\t\t\t<\/div>\n\t\t\t\t<\/div>\n\t\t<div class=\"elementor-element elementor-element-6ea945bf e-con-full e-flex e-con e-parent\" data-id=\"6ea945bf\" data-element_type=\"container\" data-e-type=\"container\">\n\t\t<div class=\"elementor-element elementor-element-7bcc9071 e-flex e-con-boxed e-con e-child\" data-id=\"7bcc9071\" data-element_type=\"container\" data-e-type=\"container\">\n\t\t\t\t\t<div class=\"e-con-inner\">\n\t\t<div class=\"elementor-element elementor-element-6f9c8e35 e-con-full e-flex e-con e-child\" data-id=\"6f9c8e35\" data-element_type=\"container\" data-e-type=\"container\">\n\t\t\t\t<div class=\"elementor-element elementor-element-3fdcd8ce elementor-widget__width-inherit elementor-widget elementor-widget-heading\" data-id=\"3fdcd8ce\" data-element_type=\"widget\" data-e-type=\"widget\" data-widget_type=\"heading.default\">\n\t\t\t\t<div class=\"elementor-widget-container\">\n\t\t\t\t\t<h1 class=\"elementor-heading-title elementor-size-default\">\u00a1HOT SALE de Muebles!<\/h1>\t\t\t\t<\/div>\n\t\t\t\t<\/div>\n\t\t\t\t<div class=\"elementor-element elementor-element-5b2fd64 elementor-widget elementor-widget-text-editor\" data-id=\"5b2fd64\" data-element_type=\"widget\" data-e-type=\"widget\" data-widget_type=\"text-editor.default\">\n\t\t\t\t<div class=\"elementor-widget-container\">\n\t\t\t\t\t\t\t\t\t<p>Segu\u00ed Visit\u00e1ndonos para encontrar los muebles que har\u00e1n m\u00e1s c\u00f3modo tu hogar.<\/p>\t\t\t\t\t\t\t\t<\/div>\n\t\t\t\t<\/div>\n\t\t\t\t<\/div>\n\t\t<div class=\"elementor-element elementor-element-1c361840 e-con-full e-flex e-con e-child\" data-id=\"1c361840\" data-element_type=\"container\" data-e-type=\"container\">\n\t\t<div class=\"elementor-element elementor-element-2c55f93 e-con-full e-flex e-con e-child\" data-id=\"2c55f93\" data-element_type=\"container\" data-e-type=\"container\">\n\t\t\t\t<div class=\"elementor-element elementor-element-002796e elementor-widget elementor-widget-heading\" data-id=\"002796e\" data-element_type=\"widget\" data-e-type=\"widget\" data-widget_type=\"heading.default\">\n\t\t\t\t<div class=\"elementor-widget-container\">\n\t\t\t\t\t<h3 class=\"elementor-heading-title elementor-size-default\">\u00bfQu\u00e9 es Hot Sale?<\/h3>\t\t\t\t<\/div>\n\t\t\t\t<\/div>\n\t\t\t\t<div class=\"elementor-element elementor-element-6c816a8 elementor-widget elementor-widget-text-editor\" data-id=\"6c816a8\" data-element_type=\"widget\" data-e-type=\"widget\" data-widget_type=\"text-editor.default\">\n\t\t\t\t<div class=\"elementor-widget-container\">\n\t\t\t\t\t\t\t\t\t<p><strong>Hot Sale<\/strong>\u00a0es una iniciativa organizada por la CACE (C\u00e1mara Argentina de Comercio Electr\u00f3nico) que brinda incre\u00edbles ofertas y descuentos de las principales tiendas online de Argentina.<\/p>\t\t\t\t\t\t\t\t<\/div>\n\t\t\t\t<\/div>\n\t\t\t\t<\/div>\n\t\t<div class=\"elementor-element elementor-element-11c969d e-con-full e-flex e-con e-child\" data-id=\"11c969d\" data-element_type=\"container\" data-e-type=\"container\">\n\t\t\t\t<div class=\"elementor-element elementor-element-fd2888f elementor-widget elementor-widget-heading\" data-id=\"fd2888f\" data-element_type=\"widget\" data-e-type=\"widget\" data-widget_type=\"heading.default\">\n\t\t\t\t<div class=\"elementor-widget-container\">\n\t\t\t\t\t<h3 class=\"elementor-heading-title elementor-size-default\">\u00bfCu\u00e1ndo es el Hot Sale?<\/h3>\t\t\t\t<\/div>\n\t\t\t\t<\/div>\n\t\t\t\t<div class=\"elementor-element elementor-element-34d341b elementor-widget elementor-widget-text-editor\" data-id=\"34d341b\" data-element_type=\"widget\" data-e-type=\"widget\" data-widget_type=\"text-editor.default\">\n\t\t\t\t<div class=\"elementor-widget-container\">\n\t\t\t\t\t\t\t\t\t<p><strong>Hot Sale<\/strong> se realiza en el mes de Mayo para que puedas disfrutar de las mega ofertas durante tres d\u00edas \u00fanicos.<\/p>\t\t\t\t\t\t\t\t<\/div>\n\t\t\t\t<\/div>\n\t\t\t\t<\/div>\n\t\t\t\t<\/div>\n\t\t\t\t\t<\/div>\n\t\t\t\t<\/div>\n\t\t\t\t<\/div>\n\t\t<div class=\"elementor-element elementor-element-2364726c e-con-full e-flex e-con e-parent\" data-id=\"2364726c\" data-element_type=\"container\" data-e-type=\"container\">\n\t\t<div class=\"elementor-element elementor-element-482545d0 e-flex e-con-boxed e-con e-child\" data-id=\"482545d0\" data-element_type=\"container\" data-e-type=\"container\">\n\t\t\t\t\t<div class=\"e-con-inner\">\n\t\t<div class=\"elementor-element elementor-element-7f9e9727 e-con-full e-flex e-con e-child\" data-id=\"7f9e9727\" data-element_type=\"container\" data-e-type=\"container\">\n\t\t<div class=\"elementor-element elementor-element-14e5b8e8 e-con-full e-flex e-con e-child\" data-id=\"14e5b8e8\" data-element_type=\"container\" data-e-type=\"container\">\n\t\t\t\t<div class=\"elementor-element elementor-element-51ba48d3 elementor-widget elementor-widget-heading\" data-id=\"51ba48d3\" data-element_type=\"widget\" data-e-type=\"widget\" data-widget_type=\"heading.default\">\n\t\t\t\t<div class=\"elementor-widget-container\">\n\t\t\t\t\t<h2 class=\"elementor-heading-title elementor-size-default\">Categor\u00edas<\/h2>\t\t\t\t<\/div>\n\t\t\t\t<\/div>\n\t\t\t\t<div class=\"elementor-element elementor-element-57a1f1a1 elementor-widget elementor-widget-heading\" data-id=\"57a1f1a1\" data-element_type=\"widget\" data-e-type=\"widget\" data-widget_type=\"heading.default\">\n\t\t\t\t<div class=\"elementor-widget-container\">\n\t\t\t\t\t<h2 class=\"elementor-heading-title elementor-size-default\">Destacadas<\/h2>\t\t\t\t<\/div>\n\t\t\t\t<\/div>\n\t\t\t\t<\/div>\n\t\t\t\t<\/div>\n\t\t<div class=\"elementor-element elementor-element-7341774b e-con-full e-flex e-con e-child\" data-id=\"7341774b\" data-element_type=\"container\" data-e-type=\"container\">\n\t\t\t\t<div class=\"elementor-element elementor-element-3234db21 elementor-widget elementor-widget-global elementor-global-36997 elementor-widget-html\" data-id=\"3234db21\" data-element_type=\"widget\" data-e-type=\"widget\" data-widget_type=\"html.default\">\n\t\t\t\t<div class=\"elementor-widget-container\">\n\t\t\t\t\t<div class=\"bloque\" id=\"BLO-CAT-iconos\">\r\n<div class=\"BLO-CAT-icono-contenedor-1\">\r\n\t<a href=\"https:\/\/www.espacity.com\/w\/cat\/living\/sillones-y-sofas\/\">\r\n\t<div class=\"CAT-icono-contenedor\">\r\n\t\t<div class=\"CAT-icono\">\r\n\t\t\t<svg class=\"icono-svg\">\r\n\t\t\t\t<use xlink:href=\"#ico-prd-sillon-1\"><\/use>\r\n\t\t\t<\/svg>\r\n\t\t<\/div>\r\n\t<\/div>\r\n\t<div class=\"CAT-texto-contenedor\">\r\n\t\tSillones\r\n\t<\/div>\r\n\t<\/a>\r\n<\/div>\r\n<div class=\"BLO-CAT-icono-contenedor-1\">\r\n\t<a href=\"https:\/\/www.espacity.com\/w\/cat\/comedor\/juegos-de-comedor\/\">\r\n\t<div class=\"CAT-icono-contenedor\">\r\n\t\t<div class=\"CAT-icono\">\r\n\t\t\t<svg class=\"icono-svg\">\r\n\t\t\t\t<use xlink:href=\"#ico-prd-comedor-1\"><\/use>\r\n\t\t\t<\/svg>\r\n\t\t<\/div>\r\n\t<\/div>\r\n\t<div class=\"CAT-texto-contenedor\">\r\n\t\tComedor\r\n\t<\/div>\r\n\t<\/a>\r\n<\/div>\r\n<div class=\"BLO-CAT-icono-contenedor-1\">\r\n\t<a href=\"https:\/\/www.espacity.com\/w\/cat\/comedor\/mesas\/\">\r\n\t<div class=\"CAT-icono-contenedor\">\r\n\t\t<div class=\"CAT-icono\">\r\n\t\t\t<svg class=\"icono-svg\">\r\n\t\t\t\t<use xlink:href=\"#ico-prd-mesa-1\"><\/use>\r\n\t\t\t<\/svg>\r\n\t\t<\/div>\r\n\t<\/div>\r\n\t<div class=\"CAT-texto-contenedor\">\r\n\t\tMesas\r\n\t<\/div>\r\n\t<\/a>\r\n<\/div>\r\n<div class=\"BLO-CAT-icono-contenedor-1\">\r\n\t<a href=\"https:\/\/www.espacity.com\/w\/cat\/comedor\/sillas\/\">\r\n\t<div class=\"CAT-icono-contenedor\">\r\n\t\t<div class=\"CAT-icono\">\r\n\t\t\t<svg class=\"icono-svg\">\r\n\t\t\t\t<use xlink:href=\"#ico-prd-silla-1\"><\/use>\r\n\t\t\t<\/svg>\r\n\t\t<\/div>\r\n\t<\/div>\r\n\t<div class=\"CAT-texto-contenedor\">\r\n\t\tSillas\r\n\t<\/div>\r\n\t<\/a>\r\n<\/div>\r\n<div class=\"BLO-CAT-icono-contenedor-1\">\r\n\t<a href=\"https:\/\/www.espacity.com\/w\/cat\/living\/racks-y-modulares\/\">\r\n\t<div class=\"CAT-icono-contenedor\">\r\n\t\t<div class=\"CAT-icono\">\r\n\t\t\t<svg class=\"icono-svg\">\r\n\t\t\t\t<use xlink:href=\"#ico-prd-rack-1\"><\/use>\r\n\t\t\t<\/svg>\r\n\t\t<\/div>\r\n\t<\/div>\r\n\t<div class=\"CAT-texto-contenedor\">\r\n\t\tRacks\r\n\t<\/div>\r\n\t<\/a>\r\n<\/div>\r\n<div class=\"BLO-CAT-icono-contenedor-1\">\r\n\t<a href=\"https:\/\/www.espacity.com\/w\/cat\/comedor\/aparadores-y-vajilleros\/\">\r\n\t<div class=\"CAT-icono-contenedor\">\r\n\t\t<div class=\"CAT-icono\">\r\n\t\t\t<svg class=\"icono-svg\">\r\n\t\t\t\t<use xlink:href=\"#ico-prd-aparador-1\"><\/use>\r\n\t\t\t<\/svg>\r\n\t\t<\/div>\r\n\t<\/div>\r\n\t<div class=\"CAT-texto-contenedor\">\r\n\t\tAparadores\r\n\t<\/div>\r\n\t<\/a>\r\n<\/div>\r\n<div class=\"BLO-CAT-icono-contenedor-1\">\r\n\t<a href=\"https:\/\/www.espacity.com\/w\/cat\/living\/sofa-camas\/\">\r\n\t<div class=\"CAT-icono-contenedor\">\r\n\t\t<div class=\"CAT-icono\">\r\n\t\t\t<svg class=\"icono-svg\">\r\n\t\t\t\t<use xlink:href=\"#ico-prd-sofa-1\"><\/use>\r\n\t\t\t<\/svg>\r\n\t\t<\/div>\r\n\t<\/div>\r\n\t<div class=\"CAT-texto-contenedor\">\r\n\t\tSof\u00e1 Cama\r\n\t<\/div>\r\n\t<\/a>\r\n<\/div>\r\n<div class=\"BLO-CAT-icono-contenedor-1\">\r\n\t<a href=\"https:\/\/www.espacity.com\/w\/cat\/colchones\/\">\r\n\t<div class=\"CAT-icono-contenedor\">\r\n\t\t<div class=\"CAT-icono\">\r\n\t\t\t<svg class=\"icono-svg\">\r\n\t\t\t\t<use xlink:href=\"#ico-prd-sommier-1\"><\/use>\r\n\t\t\t<\/svg>\r\n\t\t<\/div>\r\n\t<\/div>\r\n\t<div class=\"CAT-texto-contenedor\">\r\n\t\tSommiers\r\n\t<\/div>\r\n\t<\/a>\r\n<\/div>\r\n<div class=\"BLO-CAT-icono-contenedor-1\">\r\n\t<a href=\"https:\/\/www.espacity.com\/w\/cat\/aire-libre\/\">\r\n\t<div class=\"CAT-icono-contenedor\">\r\n\t\t<div class=\"CAT-icono\">\r\n\t\t\t<svg class=\"icono-svg\">\r\n\t\t\t\t<use xlink:href=\"#ico-prd-aire-libre-1\"><\/use>\r\n\t\t\t<\/svg>\r\n\t\t<\/div>\r\n\t<\/div>\r\n\t<div class=\"CAT-texto-contenedor\">\r\n\t\tAire Libre\r\n\t<\/div>\r\n\t<\/a>\r\n<\/div>\r\n<\/div>\t\t\t\t<\/div>\n\t\t\t\t<\/div>\n\t\t\t\t<\/div>\n\t\t\t\t\t<\/div>\n\t\t\t\t<\/div>\n\t\t\t\t<\/div>\n\t\t\t\t<\/div>\n\t\t","protected":false},"excerpt":{"rendered":"<p>\u00a1HOT SALE de Muebles! Segu\u00ed Visit\u00e1ndonos para encontrar los muebles que har\u00e1n m\u00e1s c\u00f3modo tu hogar. \u00bfQu\u00e9 es Hot Sale? [&hellip;]<\/p>\n","protected":false},"author":1,"featured_media":0,"parent":0,"menu_order":0,"comment_status":"closed","ping_status":"closed","template":"","meta":{"_acf_changed":false,"site-sidebar-layout":"default","site-content-layout":"","ast-site-content-layout":"default","site-content-style":"default","site-sidebar-style":"default","ast-global-header-display":"","ast-banner-title-visibility":"","ast-main-header-display":"","ast-hfb-above-header-display":"","ast-hfb-below-header-display":"","ast-hfb-mobile-header-display":"","site-post-title":"","ast-breadcrumbs-content":"","ast-featured-img":"","footer-sml-layout":"","ast-disable-related-posts":"","theme-transparent-header-meta":"","adv-header-id-meta":"","stick-header-meta":"","header-above-stick-meta":"","header-main-stick-meta":"","header-below-stick-meta":"","astra-migrate-meta-layouts":"default","ast-page-background-enabled":"default","ast-page-background-meta":{"desktop":{"background-color":"var(--ast-global-color-5)","background-image":"","background-repeat":"repeat","background-position":"center center","background-size":"auto","background-attachment":"scroll","background-type":"","background-media":"","overlay-type":"","overlay-color":"","overlay-opacity":"","overlay-gradient":""},"tablet":{"background-color":"","background-image":"","background-repeat":"repeat","background-position":"center center","background-size":"auto","background-attachment":"scroll","background-type":"","background-media":"","overlay-type":"","overlay-color":"","overlay-opacity":"","overlay-gradient":""},"mobile":{"background-color":"","background-image":"","background-repeat":"repeat","background-position":"center center","background-size":"auto","background-attachment":"scroll","background-type":"","background-media":"","overlay-type":"","overlay-color":"","overlay-opacity":"","overlay-gradient":""}},"ast-content-background-meta":{"desktop":{"background-color":"var(--ast-global-color-4)","background-image":"","background-repeat":"repeat","background-position":"center center","background-size":"auto","background-attachment":"scroll","background-type":"","background-media":"","overlay-type":"","overlay-color":"","overlay-opacity":"","overlay-gradient":""},"tablet":{"background-color":"var(--ast-global-color-4)","background-image":"","background-repeat":"repeat","background-position":"center center","background-size":"auto","background-attachment":"scroll","background-type":"","background-media":"","overlay-type":"","overlay-color":"","overlay-opacity":"","overlay-gradient":""},"mobile":{"background-color":"var(--ast-global-color-4)","background-image":"","background-repeat":"repeat","background-position":"center center","background-size":"auto","background-attachment":"scroll","background-type":"","background-media":"","overlay-type":"","overlay-color":"","overlay-opacity":"","overlay-gradient":""}},"footnotes":""},"class_list":["post-37151","page","type-page","status-publish","hentry"],"acf":[],"yoast_head":"<!-- This site is optimized with the Yoast SEO plugin v27.4 - https:\/\/yoast.com\/product\/yoast-seo-wordpress\/ -->\n<title>Hotsale de Muebles ESP\u00c1CITY - ESPACITY<\/title>\n<meta name=\"robots\" content=\"index, follow, max-snippet:-1, max-image-preview:large, max-video-preview:-1\" \/>\n<link rel=\"canonical\" href=\"https:\/\/www.espacity.com\/w\/hotsale\/\" \/>\n<meta property=\"og:locale\" content=\"es_ES\" \/>\n<meta property=\"og:type\" content=\"article\" \/>\n<meta property=\"og:title\" content=\"Hotsale de Muebles ESP\u00c1CITY - ESPACITY\" \/>\n<meta property=\"og:description\" content=\"\u00a1HOT SALE de Muebles! Segu\u00ed Visit\u00e1ndonos para encontrar los muebles que har\u00e1n m\u00e1s c\u00f3modo tu hogar. \u00bfQu\u00e9 es Hot Sale? [&hellip;]\" \/>\n<meta property=\"og:url\" content=\"https:\/\/www.espacity.com\/w\/hotsale\/\" \/>\n<meta property=\"og:site_name\" content=\"ESPACITY\" \/>\n<meta property=\"article:publisher\" content=\"https:\/\/web.facebook.com\/Espacity\" \/>\n<meta property=\"article:modified_time\" content=\"2025-11-02T19:01:02+00:00\" \/>\n<meta property=\"og:image\" content=\"https:\/\/www.espacity.com\/w\/wp-content\/uploads\/2025\/05\/2025-espacity-hotsale-PORTADA-FIN-1-D.jpg\" \/>\n<meta name=\"twitter:card\" content=\"summary_large_image\" \/>\n<script type=\"application\/ld+json\" class=\"yoast-schema-graph\">{\"@context\":\"https:\\\/\\\/schema.org\",\"@graph\":[{\"@type\":\"WebPage\",\"@id\":\"https:\\\/\\\/www.espacity.com\\\/w\\\/hotsale\\\/\",\"url\":\"https:\\\/\\\/www.espacity.com\\\/w\\\/hotsale\\\/\",\"name\":\"Hotsale de Muebles ESP\u00c1CITY - ESPACITY\",\"isPartOf\":{\"@id\":\"https:\\\/\\\/www.espacity.com\\\/w\\\/#website\"},\"primaryImageOfPage\":{\"@id\":\"https:\\\/\\\/www.espacity.com\\\/w\\\/hotsale\\\/#primaryimage\"},\"image\":{\"@id\":\"https:\\\/\\\/www.espacity.com\\\/w\\\/hotsale\\\/#primaryimage\"},\"thumbnailUrl\":\"https:\\\/\\\/www.espacity.com\\\/w\\\/wp-content\\\/uploads\\\/2025\\\/05\\\/2025-espacity-hotsale-PORTADA-FIN-1-D.jpg\",\"datePublished\":\"2025-05-12T12:18:30+00:00\",\"dateModified\":\"2025-11-02T19:01:02+00:00\",\"breadcrumb\":{\"@id\":\"https:\\\/\\\/www.espacity.com\\\/w\\\/hotsale\\\/#breadcrumb\"},\"inLanguage\":\"es\",\"potentialAction\":[{\"@type\":\"ReadAction\",\"target\":[\"https:\\\/\\\/www.espacity.com\\\/w\\\/hotsale\\\/\"]}]},{\"@type\":\"ImageObject\",\"inLanguage\":\"es\",\"@id\":\"https:\\\/\\\/www.espacity.com\\\/w\\\/hotsale\\\/#primaryimage\",\"url\":\"https:\\\/\\\/www.espacity.com\\\/w\\\/wp-content\\\/uploads\\\/2025\\\/05\\\/2025-espacity-hotsale-PORTADA-FIN-1-D.jpg\",\"contentUrl\":\"https:\\\/\\\/www.espacity.com\\\/w\\\/wp-content\\\/uploads\\\/2025\\\/05\\\/2025-espacity-hotsale-PORTADA-FIN-1-D.jpg\",\"width\":1366,\"height\":480},{\"@type\":\"BreadcrumbList\",\"@id\":\"https:\\\/\\\/www.espacity.com\\\/w\\\/hotsale\\\/#breadcrumb\",\"itemListElement\":[{\"@type\":\"ListItem\",\"position\":1,\"name\":\"Inicio\",\"item\":\"https:\\\/\\\/www.espacity.com\\\/w\\\/\"},{\"@type\":\"ListItem\",\"position\":2,\"name\":\"Hotsale de Muebles ESP\u00c1CITY\"}]},{\"@type\":\"WebSite\",\"@id\":\"https:\\\/\\\/www.espacity.com\\\/w\\\/#website\",\"url\":\"https:\\\/\\\/www.espacity.com\\\/w\\\/\",\"name\":\"ESP\u00c1CITY\",\"description\":\"home &amp; deco\",\"publisher\":{\"@id\":\"https:\\\/\\\/www.espacity.com\\\/w\\\/#organization\"},\"alternateName\":\"ESP\u00c1CITY\",\"potentialAction\":[{\"@type\":\"SearchAction\",\"target\":{\"@type\":\"EntryPoint\",\"urlTemplate\":\"https:\\\/\\\/www.espacity.com\\\/w\\\/?s={search_term_string}\"},\"query-input\":{\"@type\":\"PropertyValueSpecification\",\"valueRequired\":true,\"valueName\":\"search_term_string\"}}],\"inLanguage\":\"es\"},{\"@type\":\"Organization\",\"@id\":\"https:\\\/\\\/www.espacity.com\\\/w\\\/#organization\",\"name\":\"ESP\u00c1CITY\",\"url\":\"https:\\\/\\\/www.espacity.com\\\/w\\\/\",\"logo\":{\"@type\":\"ImageObject\",\"inLanguage\":\"es\",\"@id\":\"https:\\\/\\\/www.espacity.com\\\/w\\\/#\\\/schema\\\/logo\\\/image\\\/\",\"url\":\"https:\\\/\\\/www.espacity.com\\\/w\\\/wp-content\\\/uploads\\\/2025\\\/04\\\/Logotipo-Espacity-300X300-1.jpg\",\"contentUrl\":\"https:\\\/\\\/www.espacity.com\\\/w\\\/wp-content\\\/uploads\\\/2025\\\/04\\\/Logotipo-Espacity-300X300-1.jpg\",\"width\":300,\"height\":300,\"caption\":\"ESP\u00c1CITY\"},\"image\":{\"@id\":\"https:\\\/\\\/www.espacity.com\\\/w\\\/#\\\/schema\\\/logo\\\/image\\\/\"},\"sameAs\":[\"https:\\\/\\\/web.facebook.com\\\/Espacity\",\"https:\\\/\\\/www.instagram.com\\\/espacityok\",\"https:\\\/\\\/www.youtube.com\\\/channel\\\/UCxYJDrvQ9jCifUH7299iHJw\"]}]}<\/script>\n<!-- \/ Yoast SEO plugin. -->","yoast_head_json":{"title":"Hotsale de Muebles ESP\u00c1CITY - ESPACITY","robots":{"index":"index","follow":"follow","max-snippet":"max-snippet:-1","max-image-preview":"max-image-preview:large","max-video-preview":"max-video-preview:-1"},"canonical":"https:\/\/www.espacity.com\/w\/hotsale\/","og_locale":"es_ES","og_type":"article","og_title":"Hotsale de Muebles ESP\u00c1CITY - ESPACITY","og_description":"\u00a1HOT SALE de Muebles! Segu\u00ed Visit\u00e1ndonos para encontrar los muebles que har\u00e1n m\u00e1s c\u00f3modo tu hogar. \u00bfQu\u00e9 es Hot Sale? [&hellip;]","og_url":"https:\/\/www.espacity.com\/w\/hotsale\/","og_site_name":"ESPACITY","article_publisher":"https:\/\/web.facebook.com\/Espacity","article_modified_time":"2025-11-02T19:01:02+00:00","og_image":[{"url":"https:\/\/www.espacity.com\/w\/wp-content\/uploads\/2025\/05\/2025-espacity-hotsale-PORTADA-FIN-1-D.jpg","type":"","width":"","height":""}],"twitter_card":"summary_large_image","schema":{"@context":"https:\/\/schema.org","@graph":[{"@type":"WebPage","@id":"https:\/\/www.espacity.com\/w\/hotsale\/","url":"https:\/\/www.espacity.com\/w\/hotsale\/","name":"Hotsale de Muebles ESP\u00c1CITY - ESPACITY","isPartOf":{"@id":"https:\/\/www.espacity.com\/w\/#website"},"primaryImageOfPage":{"@id":"https:\/\/www.espacity.com\/w\/hotsale\/#primaryimage"},"image":{"@id":"https:\/\/www.espacity.com\/w\/hotsale\/#primaryimage"},"thumbnailUrl":"https:\/\/www.espacity.com\/w\/wp-content\/uploads\/2025\/05\/2025-espacity-hotsale-PORTADA-FIN-1-D.jpg","datePublished":"2025-05-12T12:18:30+00:00","dateModified":"2025-11-02T19:01:02+00:00","breadcrumb":{"@id":"https:\/\/www.espacity.com\/w\/hotsale\/#breadcrumb"},"inLanguage":"es","potentialAction":[{"@type":"ReadAction","target":["https:\/\/www.espacity.com\/w\/hotsale\/"]}]},{"@type":"ImageObject","inLanguage":"es","@id":"https:\/\/www.espacity.com\/w\/hotsale\/#primaryimage","url":"https:\/\/www.espacity.com\/w\/wp-content\/uploads\/2025\/05\/2025-espacity-hotsale-PORTADA-FIN-1-D.jpg","contentUrl":"https:\/\/www.espacity.com\/w\/wp-content\/uploads\/2025\/05\/2025-espacity-hotsale-PORTADA-FIN-1-D.jpg","width":1366,"height":480},{"@type":"BreadcrumbList","@id":"https:\/\/www.espacity.com\/w\/hotsale\/#breadcrumb","itemListElement":[{"@type":"ListItem","position":1,"name":"Inicio","item":"https:\/\/www.espacity.com\/w\/"},{"@type":"ListItem","position":2,"name":"Hotsale de Muebles ESP\u00c1CITY"}]},{"@type":"WebSite","@id":"https:\/\/www.espacity.com\/w\/#website","url":"https:\/\/www.espacity.com\/w\/","name":"ESP\u00c1CITY","description":"home &amp; deco","publisher":{"@id":"https:\/\/www.espacity.com\/w\/#organization"},"alternateName":"ESP\u00c1CITY","potentialAction":[{"@type":"SearchAction","target":{"@type":"EntryPoint","urlTemplate":"https:\/\/www.espacity.com\/w\/?s={search_term_string}"},"query-input":{"@type":"PropertyValueSpecification","valueRequired":true,"valueName":"search_term_string"}}],"inLanguage":"es"},{"@type":"Organization","@id":"https:\/\/www.espacity.com\/w\/#organization","name":"ESP\u00c1CITY","url":"https:\/\/www.espacity.com\/w\/","logo":{"@type":"ImageObject","inLanguage":"es","@id":"https:\/\/www.espacity.com\/w\/#\/schema\/logo\/image\/","url":"https:\/\/www.espacity.com\/w\/wp-content\/uploads\/2025\/04\/Logotipo-Espacity-300X300-1.jpg","contentUrl":"https:\/\/www.espacity.com\/w\/wp-content\/uploads\/2025\/04\/Logotipo-Espacity-300X300-1.jpg","width":300,"height":300,"caption":"ESP\u00c1CITY"},"image":{"@id":"https:\/\/www.espacity.com\/w\/#\/schema\/logo\/image\/"},"sameAs":["https:\/\/web.facebook.com\/Espacity","https:\/\/www.instagram.com\/espacityok","https:\/\/www.youtube.com\/channel\/UCxYJDrvQ9jCifUH7299iHJw"]}]}},"_links":{"self":[{"href":"https:\/\/www.espacity.com\/w\/wp-json\/wp\/v2\/pages\/37151","targetHints":{"allow":["GET"]}}],"collection":[{"href":"https:\/\/www.espacity.com\/w\/wp-json\/wp\/v2\/pages"}],"about":[{"href":"https:\/\/www.espacity.com\/w\/wp-json\/wp\/v2\/types\/page"}],"author":[{"embeddable":true,"href":"https:\/\/www.espacity.com\/w\/wp-json\/wp\/v2\/users\/1"}],"replies":[{"embeddable":true,"href":"https:\/\/www.espacity.com\/w\/wp-json\/wp\/v2\/comments?post=37151"}],"version-history":[{"count":13,"href":"https:\/\/www.espacity.com\/w\/wp-json\/wp\/v2\/pages\/37151\/revisions"}],"predecessor-version":[{"id":42843,"href":"https:\/\/www.espacity.com\/w\/wp-json\/wp\/v2\/pages\/37151\/revisions\/42843"}],"wp:attachment":[{"href":"https:\/\/www.espacity.com\/w\/wp-json\/wp\/v2\/media?parent=37151"}],"curies":[{"name":"wp","href":"https:\/\/api.w.org\/{rel}","templated":true}]}}