{"id":24342,"date":"2023-10-13T16:22:54","date_gmt":"2023-10-13T19:22:54","guid":{"rendered":"https:\/\/www.espacity.com\/w\/?post_type=product&#038;p=24342"},"modified":"2026-03-27T17:37:20","modified_gmt":"2026-03-27T20:37:20","slug":"set-sillon-rattan-simos","status":"publish","type":"product","link":"https:\/\/www.espacity.com\/w\/mueble\/set-sillon-rattan-simos\/","title":{"rendered":"Set Sill\u00f3n Ratt\u00e1n Simos"},"content":{"rendered":"<p>Set Sill\u00f3n 2 Cuerpos de Rattan Simos. Este conjunto de muebles, con su sofisticado dise\u00f1o en color negro, se convertir\u00e1 en el protagonista de tus espacios al aire libre. Su estructura de hierro asegura resistencia y durabilidad, mientras que los suaves almohadones en los asientos te brindar\u00e1n una experiencia de descanso inigualable. El sill\u00f3n de 2 cuerpos cuenta con una tapa de apoyo central, ideal para tus momentos de relajaci\u00f3n. Con medidas perfectas y una altura de asiento de 45cm, el Set de Rattan Simos se adapta a vos y a tus necesidades.<\/p>\n<p><strong>Medidas:<\/strong><br \/>\nAlto: 60,00 cm<br \/>\nAncho: 140,00 cm<br \/>\nProfundidad: 87,00 cm<\/p>\n","protected":false},"excerpt":{"rendered":"<p>Set Sill\u00f3n 2 Cuerpos de Rattan Simos. Este conjunto de muebles, con su sofisticado dise\u00f1o en color negro, se convertir\u00e1 en el protagonista de tus espacios al aire libre. Su estructura de hierro asegura resistencia y durabilidad, mientras que los suaves almohadones en los asientos te brindar\u00e1n una experiencia de descanso inigualable. El sill\u00f3n de [&hellip;]<\/p>\n","protected":false},"featured_media":24343,"template":"","meta":{"_acf_changed":false},"product_brand":[],"product_cat":[305,479,606],"product_tag":[],"class_list":{"0":"post-24342","1":"product","2":"type-product","3":"status-publish","4":"has-post-thumbnail","6":"product_cat-aire-libre","7":"product_cat-delos","8":"product_cat-eg","9":"product_shipping_class-sillones","11":"first","12":"instock","13":"taxable","14":"shipping-taxable","15":"purchasable","16":"product-type-simple"},"acf":[],"yoast_head":"<!-- This site is optimized with the Yoast SEO plugin v26.9 - https:\/\/yoast.com\/product\/yoast-seo-wordpress\/ -->\n<title>Set Sill\u00f3n Ratt\u00e1n Simos - ESPACITY<\/title>\n<meta name=\"robots\" content=\"index, follow, max-snippet:-1, max-image-preview:large, max-video-preview:-1\" \/>\n<link rel=\"canonical\" href=\"https:\/\/www.espacity.com\/w\/mueble\/set-sillon-rattan-simos\/\" \/>\n<meta property=\"og:locale\" content=\"es_ES\" \/>\n<meta property=\"og:type\" content=\"article\" \/>\n<meta property=\"og:title\" content=\"Set Sill\u00f3n Ratt\u00e1n Simos - ESPACITY\" \/>\n<meta property=\"og:description\" content=\"Set Sill\u00f3n 2 Cuerpos de Rattan Simos. Este conjunto de muebles, con su sofisticado dise\u00f1o en color negro, se convertir\u00e1 en el protagonista de tus espacios al aire libre. Su estructura de hierro asegura resistencia y durabilidad, mientras que los suaves almohadones en los asientos te brindar\u00e1n una experiencia de descanso inigualable. El sill\u00f3n de [&hellip;]\" \/>\n<meta property=\"og:url\" content=\"https:\/\/www.espacity.com\/w\/mueble\/set-sillon-rattan-simos\/\" \/>\n<meta property=\"og:site_name\" content=\"ESPACITY\" \/>\n<meta property=\"article:publisher\" content=\"https:\/\/web.facebook.com\/Espacity\" \/>\n<meta property=\"article:modified_time\" content=\"2026-03-27T20:37:20+00:00\" \/>\n<meta property=\"og:image\" content=\"https:\/\/www.espacity.com\/w\/wp-content\/uploads\/2023\/10\/03000002200504_1.jpg\" \/>\n\t<meta property=\"og:image:width\" content=\"1200\" \/>\n\t<meta property=\"og:image:height\" content=\"975\" \/>\n\t<meta property=\"og:image:type\" content=\"image\/jpeg\" \/>\n<meta name=\"twitter:card\" content=\"summary_large_image\" \/>\n<meta name=\"twitter:label1\" content=\"Tiempo de lectura\" \/>\n\t<meta name=\"twitter:data1\" content=\"1 minuto\" \/>\n<script type=\"application\/ld+json\" class=\"yoast-schema-graph\">{\"@context\":\"https:\/\/schema.org\",\"@graph\":[{\"@type\":\"WebPage\",\"@id\":\"https:\/\/www.espacity.com\/w\/mueble\/set-sillon-rattan-simos\/\",\"url\":\"https:\/\/www.espacity.com\/w\/mueble\/set-sillon-rattan-simos\/\",\"name\":\"Set Sill\u00f3n Ratt\u00e1n Simos - ESPACITY\",\"isPartOf\":{\"@id\":\"https:\/\/www.espacity.com\/w\/#website\"},\"primaryImageOfPage\":{\"@id\":\"https:\/\/www.espacity.com\/w\/mueble\/set-sillon-rattan-simos\/#primaryimage\"},\"image\":{\"@id\":\"https:\/\/www.espacity.com\/w\/mueble\/set-sillon-rattan-simos\/#primaryimage\"},\"thumbnailUrl\":\"https:\/\/www.espacity.com\/w\/wp-content\/uploads\/2023\/10\/03000002200504_1.jpg\",\"datePublished\":\"2023-10-13T19:22:54+00:00\",\"dateModified\":\"2026-03-27T20:37:20+00:00\",\"breadcrumb\":{\"@id\":\"https:\/\/www.espacity.com\/w\/mueble\/set-sillon-rattan-simos\/#breadcrumb\"},\"inLanguage\":\"es\",\"potentialAction\":[{\"@type\":\"ReadAction\",\"target\":[\"https:\/\/www.espacity.com\/w\/mueble\/set-sillon-rattan-simos\/\"]}]},{\"@type\":\"ImageObject\",\"inLanguage\":\"es\",\"@id\":\"https:\/\/www.espacity.com\/w\/mueble\/set-sillon-rattan-simos\/#primaryimage\",\"url\":\"https:\/\/www.espacity.com\/w\/wp-content\/uploads\/2023\/10\/03000002200504_1.jpg\",\"contentUrl\":\"https:\/\/www.espacity.com\/w\/wp-content\/uploads\/2023\/10\/03000002200504_1.jpg\",\"width\":1200,\"height\":975},{\"@type\":\"BreadcrumbList\",\"@id\":\"https:\/\/www.espacity.com\/w\/mueble\/set-sillon-rattan-simos\/#breadcrumb\",\"itemListElement\":[{\"@type\":\"ListItem\",\"position\":1,\"name\":\"Inicio\",\"item\":\"https:\/\/www.espacity.com\/w\/\"},{\"@type\":\"ListItem\",\"position\":2,\"name\":\"Muebles\",\"item\":\"https:\/\/www.espacity.com\/w\/muebles\/\"},{\"@type\":\"ListItem\",\"position\":3,\"name\":\"Set Sill\u00f3n Ratt\u00e1n Simos\"}]},{\"@type\":\"WebSite\",\"@id\":\"https:\/\/www.espacity.com\/w\/#website\",\"url\":\"https:\/\/www.espacity.com\/w\/\",\"name\":\"ESP\u00c1CITY\",\"description\":\"home &amp; deco\",\"publisher\":{\"@id\":\"https:\/\/www.espacity.com\/w\/#organization\"},\"alternateName\":\"ESP\u00c1CITY\",\"potentialAction\":[{\"@type\":\"SearchAction\",\"target\":{\"@type\":\"EntryPoint\",\"urlTemplate\":\"https:\/\/www.espacity.com\/w\/?s={search_term_string}\"},\"query-input\":{\"@type\":\"PropertyValueSpecification\",\"valueRequired\":true,\"valueName\":\"search_term_string\"}}],\"inLanguage\":\"es\"},{\"@type\":\"Organization\",\"@id\":\"https:\/\/www.espacity.com\/w\/#organization\",\"name\":\"ESP\u00c1CITY\",\"url\":\"https:\/\/www.espacity.com\/w\/\",\"logo\":{\"@type\":\"ImageObject\",\"inLanguage\":\"es\",\"@id\":\"https:\/\/www.espacity.com\/w\/#\/schema\/logo\/image\/\",\"url\":\"https:\/\/www.espacity.com\/w\/wp-content\/uploads\/2025\/04\/Logotipo-Espacity-300X300-1.jpg\",\"contentUrl\":\"https:\/\/www.espacity.com\/w\/wp-content\/uploads\/2025\/04\/Logotipo-Espacity-300X300-1.jpg\",\"width\":300,\"height\":300,\"caption\":\"ESP\u00c1CITY\"},\"image\":{\"@id\":\"https:\/\/www.espacity.com\/w\/#\/schema\/logo\/image\/\"},\"sameAs\":[\"https:\/\/web.facebook.com\/Espacity\",\"https:\/\/www.instagram.com\/espacityok\",\"https:\/\/www.youtube.com\/channel\/UCxYJDrvQ9jCifUH7299iHJw\"]}]}<\/script>\n<!-- \/ Yoast SEO plugin. -->","yoast_head_json":{"title":"Set Sill\u00f3n Ratt\u00e1n Simos - ESPACITY","robots":{"index":"index","follow":"follow","max-snippet":"max-snippet:-1","max-image-preview":"max-image-preview:large","max-video-preview":"max-video-preview:-1"},"canonical":"https:\/\/www.espacity.com\/w\/mueble\/set-sillon-rattan-simos\/","og_locale":"es_ES","og_type":"article","og_title":"Set Sill\u00f3n Ratt\u00e1n Simos - ESPACITY","og_description":"Set Sill\u00f3n 2 Cuerpos de Rattan Simos. Este conjunto de muebles, con su sofisticado dise\u00f1o en color negro, se convertir\u00e1 en el protagonista de tus espacios al aire libre. Su estructura de hierro asegura resistencia y durabilidad, mientras que los suaves almohadones en los asientos te brindar\u00e1n una experiencia de descanso inigualable. El sill\u00f3n de [&hellip;]","og_url":"https:\/\/www.espacity.com\/w\/mueble\/set-sillon-rattan-simos\/","og_site_name":"ESPACITY","article_publisher":"https:\/\/web.facebook.com\/Espacity","article_modified_time":"2026-03-27T20:37:20+00:00","og_image":[{"width":1200,"height":975,"url":"https:\/\/www.espacity.com\/w\/wp-content\/uploads\/2023\/10\/03000002200504_1.jpg","type":"image\/jpeg"}],"twitter_card":"summary_large_image","twitter_misc":{"Tiempo de lectura":"1 minuto"},"schema":{"@context":"https:\/\/schema.org","@graph":[{"@type":"WebPage","@id":"https:\/\/www.espacity.com\/w\/mueble\/set-sillon-rattan-simos\/","url":"https:\/\/www.espacity.com\/w\/mueble\/set-sillon-rattan-simos\/","name":"Set Sill\u00f3n Ratt\u00e1n Simos - ESPACITY","isPartOf":{"@id":"https:\/\/www.espacity.com\/w\/#website"},"primaryImageOfPage":{"@id":"https:\/\/www.espacity.com\/w\/mueble\/set-sillon-rattan-simos\/#primaryimage"},"image":{"@id":"https:\/\/www.espacity.com\/w\/mueble\/set-sillon-rattan-simos\/#primaryimage"},"thumbnailUrl":"https:\/\/www.espacity.com\/w\/wp-content\/uploads\/2023\/10\/03000002200504_1.jpg","datePublished":"2023-10-13T19:22:54+00:00","dateModified":"2026-03-27T20:37:20+00:00","breadcrumb":{"@id":"https:\/\/www.espacity.com\/w\/mueble\/set-sillon-rattan-simos\/#breadcrumb"},"inLanguage":"es","potentialAction":[{"@type":"ReadAction","target":["https:\/\/www.espacity.com\/w\/mueble\/set-sillon-rattan-simos\/"]}]},{"@type":"ImageObject","inLanguage":"es","@id":"https:\/\/www.espacity.com\/w\/mueble\/set-sillon-rattan-simos\/#primaryimage","url":"https:\/\/www.espacity.com\/w\/wp-content\/uploads\/2023\/10\/03000002200504_1.jpg","contentUrl":"https:\/\/www.espacity.com\/w\/wp-content\/uploads\/2023\/10\/03000002200504_1.jpg","width":1200,"height":975},{"@type":"BreadcrumbList","@id":"https:\/\/www.espacity.com\/w\/mueble\/set-sillon-rattan-simos\/#breadcrumb","itemListElement":[{"@type":"ListItem","position":1,"name":"Inicio","item":"https:\/\/www.espacity.com\/w\/"},{"@type":"ListItem","position":2,"name":"Muebles","item":"https:\/\/www.espacity.com\/w\/muebles\/"},{"@type":"ListItem","position":3,"name":"Set Sill\u00f3n Ratt\u00e1n Simos"}]},{"@type":"WebSite","@id":"https:\/\/www.espacity.com\/w\/#website","url":"https:\/\/www.espacity.com\/w\/","name":"ESP\u00c1CITY","description":"home &amp; deco","publisher":{"@id":"https:\/\/www.espacity.com\/w\/#organization"},"alternateName":"ESP\u00c1CITY","potentialAction":[{"@type":"SearchAction","target":{"@type":"EntryPoint","urlTemplate":"https:\/\/www.espacity.com\/w\/?s={search_term_string}"},"query-input":{"@type":"PropertyValueSpecification","valueRequired":true,"valueName":"search_term_string"}}],"inLanguage":"es"},{"@type":"Organization","@id":"https:\/\/www.espacity.com\/w\/#organization","name":"ESP\u00c1CITY","url":"https:\/\/www.espacity.com\/w\/","logo":{"@type":"ImageObject","inLanguage":"es","@id":"https:\/\/www.espacity.com\/w\/#\/schema\/logo\/image\/","url":"https:\/\/www.espacity.com\/w\/wp-content\/uploads\/2025\/04\/Logotipo-Espacity-300X300-1.jpg","contentUrl":"https:\/\/www.espacity.com\/w\/wp-content\/uploads\/2025\/04\/Logotipo-Espacity-300X300-1.jpg","width":300,"height":300,"caption":"ESP\u00c1CITY"},"image":{"@id":"https:\/\/www.espacity.com\/w\/#\/schema\/logo\/image\/"},"sameAs":["https:\/\/web.facebook.com\/Espacity","https:\/\/www.instagram.com\/espacityok","https:\/\/www.youtube.com\/channel\/UCxYJDrvQ9jCifUH7299iHJw"]}]}},"_links":{"self":[{"href":"https:\/\/www.espacity.com\/w\/wp-json\/wp\/v2\/product\/24342","targetHints":{"allow":["GET"]}}],"collection":[{"href":"https:\/\/www.espacity.com\/w\/wp-json\/wp\/v2\/product"}],"about":[{"href":"https:\/\/www.espacity.com\/w\/wp-json\/wp\/v2\/types\/product"}],"wp:featuredmedia":[{"embeddable":true,"href":"https:\/\/www.espacity.com\/w\/wp-json\/wp\/v2\/media\/24343"}],"wp:attachment":[{"href":"https:\/\/www.espacity.com\/w\/wp-json\/wp\/v2\/media?parent=24342"}],"wp:term":[{"taxonomy":"product_brand","embeddable":true,"href":"https:\/\/www.espacity.com\/w\/wp-json\/wp\/v2\/product_brand?post=24342"},{"taxonomy":"product_cat","embeddable":true,"href":"https:\/\/www.espacity.com\/w\/wp-json\/wp\/v2\/product_cat?post=24342"},{"taxonomy":"product_tag","embeddable":true,"href":"https:\/\/www.espacity.com\/w\/wp-json\/wp\/v2\/product_tag?post=24342"}],"curies":[{"name":"wp","href":"https:\/\/api.w.org\/{rel}","templated":true}]}}