{"id":304,"date":"2021-07-01T22:14:42","date_gmt":"2021-07-02T01:14:42","guid":{"rendered":"https:\/\/www.espacity.com\/w\/?post_type=product&#038;p=304"},"modified":"2026-03-23T16:05:57","modified_gmt":"2026-03-23T19:05:57","slug":"mesa-tradicion-patas-cuadradas-extensible","status":"publish","type":"product","link":"https:\/\/www.espacity.com\/w\/mueble\/mesa-tradicion-patas-cuadradas-extensible\/","title":{"rendered":"Mesa Tradici\u00f3n patas cuadradas Extensible"},"content":{"rendered":"<p>La Mesa Extensible Tradici\u00f3n tiene un largo de 160 cm en su estado normal, y puede extenderse hasta los 200 cm de largo final. La versi\u00f3n de 180 cm puede extenderse hasta los 220 cm de largo final.<\/p>\n<p>Fabricada en madera maciza de Pino Clear. La rigurosa selecci\u00f3n de la madera y su posterior tratamiento, dan como resultado un mueble de calidad, con betas m\u00e1s uniformes y un m\u00ednimo de nudos.<\/p>\n","protected":false},"excerpt":{"rendered":"<p>La Mesa Extensible Tradici\u00f3n tiene un largo de 160 cm en su estado normal, y puede extenderse hasta los 200 cm de largo final. La versi\u00f3n de 180 cm puede extenderse hasta los 220 cm de largo final. Fabricada en madera maciza de Pino Clear. La rigurosa selecci\u00f3n de la madera y su posterior tratamiento, [&hellip;]<\/p>\n","protected":false},"featured_media":306,"template":"","meta":{"_acf_changed":false},"product_brand":[],"product_cat":[38,73],"product_tag":[],"class_list":{"0":"post-304","1":"product","2":"type-product","3":"status-publish","4":"has-post-thumbnail","6":"product_cat-mesas","7":"product_cat-patria-muebles","8":"product_shipping_class-mesas","10":"first","11":"instock","12":"taxable","13":"shipping-taxable","14":"purchasable","15":"product-type-variable","16":"has-default-attributes","17":"rtwpvg-product"},"acf":[],"yoast_head":"<!-- This site is optimized with the Yoast SEO plugin v26.9 - https:\/\/yoast.com\/product\/yoast-seo-wordpress\/ -->\n<title>Mesa Tradici\u00f3n patas cuadradas Extensible - ESPACITY<\/title>\n<meta name=\"robots\" content=\"index, follow, max-snippet:-1, max-image-preview:large, max-video-preview:-1\" \/>\n<link rel=\"canonical\" href=\"https:\/\/www.espacity.com\/w\/mueble\/mesa-tradicion-patas-cuadradas-extensible\/\" \/>\n<meta property=\"og:locale\" content=\"es_ES\" \/>\n<meta property=\"og:type\" content=\"article\" \/>\n<meta property=\"og:title\" content=\"Mesa Tradici\u00f3n patas cuadradas Extensible - ESPACITY\" \/>\n<meta property=\"og:description\" content=\"La Mesa Extensible Tradici\u00f3n tiene un largo de 160 cm en su estado normal, y puede extenderse hasta los 200 cm de largo final. La versi\u00f3n de 180 cm puede extenderse hasta los 220 cm de largo final. Fabricada en madera maciza de Pino Clear. La rigurosa selecci\u00f3n de la madera y su posterior tratamiento, [&hellip;]\" \/>\n<meta property=\"og:url\" content=\"https:\/\/www.espacity.com\/w\/mueble\/mesa-tradicion-patas-cuadradas-extensible\/\" \/>\n<meta property=\"og:site_name\" content=\"ESPACITY\" \/>\n<meta property=\"article:publisher\" content=\"https:\/\/web.facebook.com\/Espacity\" \/>\n<meta property=\"article:modified_time\" content=\"2026-03-23T19:05:57+00:00\" \/>\n<meta property=\"og:image\" content=\"https:\/\/www.espacity.com\/w\/wp-content\/uploads\/01373005000020_1.jpg\" \/>\n\t<meta property=\"og:image:width\" content=\"1200\" \/>\n\t<meta property=\"og:image:height\" content=\"975\" \/>\n\t<meta property=\"og:image:type\" content=\"image\/jpeg\" \/>\n<meta name=\"twitter:card\" content=\"summary_large_image\" \/>\n<meta name=\"twitter:label1\" content=\"Tiempo de lectura\" \/>\n\t<meta name=\"twitter:data1\" content=\"1 minuto\" \/>\n<script type=\"application\/ld+json\" class=\"yoast-schema-graph\">{\"@context\":\"https:\/\/schema.org\",\"@graph\":[{\"@type\":\"WebPage\",\"@id\":\"https:\/\/www.espacity.com\/w\/mueble\/mesa-tradicion-patas-cuadradas-extensible\/\",\"url\":\"https:\/\/www.espacity.com\/w\/mueble\/mesa-tradicion-patas-cuadradas-extensible\/\",\"name\":\"Mesa Tradici\u00f3n patas cuadradas Extensible - ESPACITY\",\"isPartOf\":{\"@id\":\"https:\/\/www.espacity.com\/w\/#website\"},\"primaryImageOfPage\":{\"@id\":\"https:\/\/www.espacity.com\/w\/mueble\/mesa-tradicion-patas-cuadradas-extensible\/#primaryimage\"},\"image\":{\"@id\":\"https:\/\/www.espacity.com\/w\/mueble\/mesa-tradicion-patas-cuadradas-extensible\/#primaryimage\"},\"thumbnailUrl\":\"https:\/\/www.espacity.com\/w\/wp-content\/uploads\/01373005000020_1.jpg\",\"datePublished\":\"2021-07-02T01:14:42+00:00\",\"dateModified\":\"2026-03-23T19:05:57+00:00\",\"breadcrumb\":{\"@id\":\"https:\/\/www.espacity.com\/w\/mueble\/mesa-tradicion-patas-cuadradas-extensible\/#breadcrumb\"},\"inLanguage\":\"es\",\"potentialAction\":[{\"@type\":\"ReadAction\",\"target\":[\"https:\/\/www.espacity.com\/w\/mueble\/mesa-tradicion-patas-cuadradas-extensible\/\"]}]},{\"@type\":\"ImageObject\",\"inLanguage\":\"es\",\"@id\":\"https:\/\/www.espacity.com\/w\/mueble\/mesa-tradicion-patas-cuadradas-extensible\/#primaryimage\",\"url\":\"https:\/\/www.espacity.com\/w\/wp-content\/uploads\/01373005000020_1.jpg\",\"contentUrl\":\"https:\/\/www.espacity.com\/w\/wp-content\/uploads\/01373005000020_1.jpg\",\"width\":1200,\"height\":975},{\"@type\":\"BreadcrumbList\",\"@id\":\"https:\/\/www.espacity.com\/w\/mueble\/mesa-tradicion-patas-cuadradas-extensible\/#breadcrumb\",\"itemListElement\":[{\"@type\":\"ListItem\",\"position\":1,\"name\":\"Inicio\",\"item\":\"https:\/\/www.espacity.com\/w\/\"},{\"@type\":\"ListItem\",\"position\":2,\"name\":\"Muebles\",\"item\":\"https:\/\/www.espacity.com\/w\/muebles\/\"},{\"@type\":\"ListItem\",\"position\":3,\"name\":\"Mesa Tradici\u00f3n patas cuadradas Extensible\"}]},{\"@type\":\"WebSite\",\"@id\":\"https:\/\/www.espacity.com\/w\/#website\",\"url\":\"https:\/\/www.espacity.com\/w\/\",\"name\":\"ESP\u00c1CITY\",\"description\":\"home &amp; deco\",\"publisher\":{\"@id\":\"https:\/\/www.espacity.com\/w\/#organization\"},\"alternateName\":\"ESP\u00c1CITY\",\"potentialAction\":[{\"@type\":\"SearchAction\",\"target\":{\"@type\":\"EntryPoint\",\"urlTemplate\":\"https:\/\/www.espacity.com\/w\/?s={search_term_string}\"},\"query-input\":{\"@type\":\"PropertyValueSpecification\",\"valueRequired\":true,\"valueName\":\"search_term_string\"}}],\"inLanguage\":\"es\"},{\"@type\":\"Organization\",\"@id\":\"https:\/\/www.espacity.com\/w\/#organization\",\"name\":\"ESP\u00c1CITY\",\"url\":\"https:\/\/www.espacity.com\/w\/\",\"logo\":{\"@type\":\"ImageObject\",\"inLanguage\":\"es\",\"@id\":\"https:\/\/www.espacity.com\/w\/#\/schema\/logo\/image\/\",\"url\":\"https:\/\/www.espacity.com\/w\/wp-content\/uploads\/2025\/04\/Logotipo-Espacity-300X300-1.jpg\",\"contentUrl\":\"https:\/\/www.espacity.com\/w\/wp-content\/uploads\/2025\/04\/Logotipo-Espacity-300X300-1.jpg\",\"width\":300,\"height\":300,\"caption\":\"ESP\u00c1CITY\"},\"image\":{\"@id\":\"https:\/\/www.espacity.com\/w\/#\/schema\/logo\/image\/\"},\"sameAs\":[\"https:\/\/web.facebook.com\/Espacity\",\"https:\/\/www.instagram.com\/espacityok\",\"https:\/\/www.youtube.com\/channel\/UCxYJDrvQ9jCifUH7299iHJw\"]}]}<\/script>\n<!-- \/ Yoast SEO plugin. -->","yoast_head_json":{"title":"Mesa Tradici\u00f3n patas cuadradas Extensible - ESPACITY","robots":{"index":"index","follow":"follow","max-snippet":"max-snippet:-1","max-image-preview":"max-image-preview:large","max-video-preview":"max-video-preview:-1"},"canonical":"https:\/\/www.espacity.com\/w\/mueble\/mesa-tradicion-patas-cuadradas-extensible\/","og_locale":"es_ES","og_type":"article","og_title":"Mesa Tradici\u00f3n patas cuadradas Extensible - ESPACITY","og_description":"La Mesa Extensible Tradici\u00f3n tiene un largo de 160 cm en su estado normal, y puede extenderse hasta los 200 cm de largo final. La versi\u00f3n de 180 cm puede extenderse hasta los 220 cm de largo final. Fabricada en madera maciza de Pino Clear. La rigurosa selecci\u00f3n de la madera y su posterior tratamiento, [&hellip;]","og_url":"https:\/\/www.espacity.com\/w\/mueble\/mesa-tradicion-patas-cuadradas-extensible\/","og_site_name":"ESPACITY","article_publisher":"https:\/\/web.facebook.com\/Espacity","article_modified_time":"2026-03-23T19:05:57+00:00","og_image":[{"width":1200,"height":975,"url":"https:\/\/www.espacity.com\/w\/wp-content\/uploads\/01373005000020_1.jpg","type":"image\/jpeg"}],"twitter_card":"summary_large_image","twitter_misc":{"Tiempo de lectura":"1 minuto"},"schema":{"@context":"https:\/\/schema.org","@graph":[{"@type":"WebPage","@id":"https:\/\/www.espacity.com\/w\/mueble\/mesa-tradicion-patas-cuadradas-extensible\/","url":"https:\/\/www.espacity.com\/w\/mueble\/mesa-tradicion-patas-cuadradas-extensible\/","name":"Mesa Tradici\u00f3n patas cuadradas Extensible - ESPACITY","isPartOf":{"@id":"https:\/\/www.espacity.com\/w\/#website"},"primaryImageOfPage":{"@id":"https:\/\/www.espacity.com\/w\/mueble\/mesa-tradicion-patas-cuadradas-extensible\/#primaryimage"},"image":{"@id":"https:\/\/www.espacity.com\/w\/mueble\/mesa-tradicion-patas-cuadradas-extensible\/#primaryimage"},"thumbnailUrl":"https:\/\/www.espacity.com\/w\/wp-content\/uploads\/01373005000020_1.jpg","datePublished":"2021-07-02T01:14:42+00:00","dateModified":"2026-03-23T19:05:57+00:00","breadcrumb":{"@id":"https:\/\/www.espacity.com\/w\/mueble\/mesa-tradicion-patas-cuadradas-extensible\/#breadcrumb"},"inLanguage":"es","potentialAction":[{"@type":"ReadAction","target":["https:\/\/www.espacity.com\/w\/mueble\/mesa-tradicion-patas-cuadradas-extensible\/"]}]},{"@type":"ImageObject","inLanguage":"es","@id":"https:\/\/www.espacity.com\/w\/mueble\/mesa-tradicion-patas-cuadradas-extensible\/#primaryimage","url":"https:\/\/www.espacity.com\/w\/wp-content\/uploads\/01373005000020_1.jpg","contentUrl":"https:\/\/www.espacity.com\/w\/wp-content\/uploads\/01373005000020_1.jpg","width":1200,"height":975},{"@type":"BreadcrumbList","@id":"https:\/\/www.espacity.com\/w\/mueble\/mesa-tradicion-patas-cuadradas-extensible\/#breadcrumb","itemListElement":[{"@type":"ListItem","position":1,"name":"Inicio","item":"https:\/\/www.espacity.com\/w\/"},{"@type":"ListItem","position":2,"name":"Muebles","item":"https:\/\/www.espacity.com\/w\/muebles\/"},{"@type":"ListItem","position":3,"name":"Mesa Tradici\u00f3n patas cuadradas Extensible"}]},{"@type":"WebSite","@id":"https:\/\/www.espacity.com\/w\/#website","url":"https:\/\/www.espacity.com\/w\/","name":"ESP\u00c1CITY","description":"home &amp; deco","publisher":{"@id":"https:\/\/www.espacity.com\/w\/#organization"},"alternateName":"ESP\u00c1CITY","potentialAction":[{"@type":"SearchAction","target":{"@type":"EntryPoint","urlTemplate":"https:\/\/www.espacity.com\/w\/?s={search_term_string}"},"query-input":{"@type":"PropertyValueSpecification","valueRequired":true,"valueName":"search_term_string"}}],"inLanguage":"es"},{"@type":"Organization","@id":"https:\/\/www.espacity.com\/w\/#organization","name":"ESP\u00c1CITY","url":"https:\/\/www.espacity.com\/w\/","logo":{"@type":"ImageObject","inLanguage":"es","@id":"https:\/\/www.espacity.com\/w\/#\/schema\/logo\/image\/","url":"https:\/\/www.espacity.com\/w\/wp-content\/uploads\/2025\/04\/Logotipo-Espacity-300X300-1.jpg","contentUrl":"https:\/\/www.espacity.com\/w\/wp-content\/uploads\/2025\/04\/Logotipo-Espacity-300X300-1.jpg","width":300,"height":300,"caption":"ESP\u00c1CITY"},"image":{"@id":"https:\/\/www.espacity.com\/w\/#\/schema\/logo\/image\/"},"sameAs":["https:\/\/web.facebook.com\/Espacity","https:\/\/www.instagram.com\/espacityok","https:\/\/www.youtube.com\/channel\/UCxYJDrvQ9jCifUH7299iHJw"]}]}},"_links":{"self":[{"href":"https:\/\/www.espacity.com\/w\/wp-json\/wp\/v2\/product\/304","targetHints":{"allow":["GET"]}}],"collection":[{"href":"https:\/\/www.espacity.com\/w\/wp-json\/wp\/v2\/product"}],"about":[{"href":"https:\/\/www.espacity.com\/w\/wp-json\/wp\/v2\/types\/product"}],"wp:featuredmedia":[{"embeddable":true,"href":"https:\/\/www.espacity.com\/w\/wp-json\/wp\/v2\/media\/306"}],"wp:attachment":[{"href":"https:\/\/www.espacity.com\/w\/wp-json\/wp\/v2\/media?parent=304"}],"wp:term":[{"taxonomy":"product_brand","embeddable":true,"href":"https:\/\/www.espacity.com\/w\/wp-json\/wp\/v2\/product_brand?post=304"},{"taxonomy":"product_cat","embeddable":true,"href":"https:\/\/www.espacity.com\/w\/wp-json\/wp\/v2\/product_cat?post=304"},{"taxonomy":"product_tag","embeddable":true,"href":"https:\/\/www.espacity.com\/w\/wp-json\/wp\/v2\/product_tag?post=304"}],"curies":[{"name":"wp","href":"https:\/\/api.w.org\/{rel}","templated":true}]}}