{"id":33197,"date":"2024-12-17T18:16:03","date_gmt":"2024-12-17T21:16:03","guid":{"rendered":"https:\/\/www.espacity.com\/w\/?post_type=product&#038;p=33197"},"modified":"2026-05-16T19:06:35","modified_gmt":"2026-05-16T22:06:35","slug":"mesa-contemporanea-extensible","status":"publish","type":"product","link":"https:\/\/www.espacity.com\/w\/mueble\/mesa-contemporanea-extensible\/","title":{"rendered":"Mesa Contempor\u00e1nea Extensible"},"content":{"rendered":"<p>Mesa de Comedor extensible de 1.55 mts. Dise\u00f1o moderno con detalles que marcan la diferencia dentro de la L\u00ednea Contempor\u00e1nea.<\/p>\n<p>Por un lado, el borde de la tapa tiene un m\u00ednimo escal\u00f3n en su parte inferior, lo que la despega visualmente de la base. Y por otro, la superficie de la mesa est\u00e1 dividida en dos, lo que permite que se abra hacia los extremos para poder variar su medida. Al abrir las dos mitades en forma de trampa, se encuentra un complemento de tapa para agregar en la parte central.<\/p>\n<p>Esta mesa es la mejor opci\u00f3n para flexibilizar el espacio, ya que permite ganar asientos extras cuando se necesita. Mientras est\u00e1 cerrada es perfecta para el d\u00eda a d\u00eda, donde se pueden albergar c\u00f3modamente de cuatro a seis personas. Y cuando la reuni\u00f3n lo amerita, se puede abrir y aumentar su capacidad hasta para ocho comensales.<\/p>\n<p><strong>Medidas:<\/strong><br \/>\nAlto: 80,00 cm<br \/>\nAncho: 90,00 cm<br \/>\nLargo: 155,00 cm<br \/>\nLargo extendida: 215,00 cm<\/p>\n","protected":false},"excerpt":{"rendered":"<p>Mesa de Comedor extensible de 1.55 mts. Dise\u00f1o moderno con detalles que marcan la diferencia dentro de la L\u00ednea Contempor\u00e1nea. [&hellip;]<\/p>\n","protected":false},"featured_media":33156,"template":"","meta":{"_acf_changed":false,"site-sidebar-layout":"default","site-content-layout":"","ast-site-content-layout":"default","site-content-style":"default","site-sidebar-style":"default","ast-global-header-display":"","ast-banner-title-visibility":"","ast-main-header-display":"","ast-hfb-above-header-display":"","ast-hfb-below-header-display":"","ast-hfb-mobile-header-display":"","site-post-title":"","ast-breadcrumbs-content":"","ast-featured-img":"","footer-sml-layout":"","ast-disable-related-posts":"","theme-transparent-header-meta":"","adv-header-id-meta":"","stick-header-meta":"","header-above-stick-meta":"","header-main-stick-meta":"","header-below-stick-meta":"","astra-migrate-meta-layouts":"default","ast-page-background-enabled":"default","ast-page-background-meta":{"desktop":{"background-color":"var(--ast-global-color-5)","background-image":"","background-repeat":"repeat","background-position":"center center","background-size":"auto","background-attachment":"scroll","background-type":"","background-media":"","overlay-type":"","overlay-color":"","overlay-opacity":"","overlay-gradient":""},"tablet":{"background-color":"","background-image":"","background-repeat":"repeat","background-position":"center center","background-size":"auto","background-attachment":"scroll","background-type":"","background-media":"","overlay-type":"","overlay-color":"","overlay-opacity":"","overlay-gradient":""},"mobile":{"background-color":"","background-image":"","background-repeat":"repeat","background-position":"center center","background-size":"auto","background-attachment":"scroll","background-type":"","background-media":"","overlay-type":"","overlay-color":"","overlay-opacity":"","overlay-gradient":""}},"ast-content-background-meta":{"desktop":{"background-color":"var(--ast-global-color-4)","background-image":"","background-repeat":"repeat","background-position":"center center","background-size":"auto","background-attachment":"scroll","background-type":"","background-media":"","overlay-type":"","overlay-color":"","overlay-opacity":"","overlay-gradient":""},"tablet":{"background-color":"var(--ast-global-color-4)","background-image":"","background-repeat":"repeat","background-position":"center center","background-size":"auto","background-attachment":"scroll","background-type":"","background-media":"","overlay-type":"","overlay-color":"","overlay-opacity":"","overlay-gradient":""},"mobile":{"background-color":"var(--ast-global-color-4)","background-image":"","background-repeat":"repeat","background-position":"center center","background-size":"auto","background-attachment":"scroll","background-type":"","background-media":"","overlay-type":"","overlay-color":"","overlay-opacity":"","overlay-gradient":""}}},"product_brand":[],"product_cat":[624,38],"product_tag":[],"class_list":{"0":"post-33197","1":"product","2":"type-product","3":"status-publish","4":"has-post-thumbnail","6":"product_cat-genoud","7":"product_cat-mesas","8":"product_shipping_class-mesas","9":"desktop-align-left","10":"tablet-align-left","11":"mobile-align-left","13":"first","14":"instock","15":"taxable","16":"shipping-taxable","17":"purchasable","18":"product-type-variable","19":"has-default-attributes","20":"rtwpvg-product"},"acf":[],"yoast_head":"<!-- This site is optimized with the Yoast SEO plugin v27.5 - https:\/\/yoast.com\/product\/yoast-seo-wordpress\/ -->\n<title>Mesa Contempor\u00e1nea Extensible - ESPACITY<\/title>\n<meta name=\"robots\" content=\"index, follow, max-snippet:-1, max-image-preview:large, max-video-preview:-1\" \/>\n<link rel=\"canonical\" href=\"https:\/\/www.espacity.com\/w\/mueble\/mesa-contemporanea-extensible\/\" \/>\n<meta property=\"og:locale\" content=\"es_ES\" \/>\n<meta property=\"og:type\" content=\"article\" \/>\n<meta property=\"og:title\" content=\"Mesa Contempor\u00e1nea Extensible - ESPACITY\" \/>\n<meta property=\"og:description\" content=\"Mesa de Comedor extensible de 1.55 mts. Dise\u00f1o moderno con detalles que marcan la diferencia dentro de la L\u00ednea Contempor\u00e1nea. [&hellip;]\" \/>\n<meta property=\"og:url\" content=\"https:\/\/www.espacity.com\/w\/mueble\/mesa-contemporanea-extensible\/\" \/>\n<meta property=\"og:site_name\" content=\"ESPACITY\" \/>\n<meta property=\"article:publisher\" content=\"https:\/\/web.facebook.com\/Espacity\" \/>\n<meta property=\"article:modified_time\" content=\"2026-05-16T22:06:35+00:00\" \/>\n<meta property=\"og:image\" content=\"https:\/\/www.espacity.com\/w\/wp-content\/uploads\/2024\/12\/03180023000006_1.jpg\" \/>\n\t<meta property=\"og:image:width\" content=\"1200\" \/>\n\t<meta property=\"og:image:height\" content=\"975\" \/>\n\t<meta property=\"og:image:type\" content=\"image\/jpeg\" \/>\n<meta name=\"twitter:card\" content=\"summary_large_image\" \/>\n<meta name=\"twitter:label1\" content=\"Tiempo de lectura\" \/>\n\t<meta name=\"twitter:data1\" content=\"1 minuto\" \/>\n<script type=\"application\/ld+json\" class=\"yoast-schema-graph\">{\"@context\":\"https:\\\/\\\/schema.org\",\"@graph\":[{\"@type\":\"WebPage\",\"@id\":\"https:\\\/\\\/www.espacity.com\\\/w\\\/mueble\\\/mesa-contemporanea-extensible\\\/\",\"url\":\"https:\\\/\\\/www.espacity.com\\\/w\\\/mueble\\\/mesa-contemporanea-extensible\\\/\",\"name\":\"Mesa Contempor\u00e1nea Extensible - ESPACITY\",\"isPartOf\":{\"@id\":\"https:\\\/\\\/www.espacity.com\\\/w\\\/#website\"},\"primaryImageOfPage\":{\"@id\":\"https:\\\/\\\/www.espacity.com\\\/w\\\/mueble\\\/mesa-contemporanea-extensible\\\/#primaryimage\"},\"image\":{\"@id\":\"https:\\\/\\\/www.espacity.com\\\/w\\\/mueble\\\/mesa-contemporanea-extensible\\\/#primaryimage\"},\"thumbnailUrl\":\"https:\\\/\\\/www.espacity.com\\\/w\\\/wp-content\\\/uploads\\\/2024\\\/12\\\/03180023000006_1.jpg\",\"datePublished\":\"2024-12-17T21:16:03+00:00\",\"dateModified\":\"2026-05-16T22:06:35+00:00\",\"breadcrumb\":{\"@id\":\"https:\\\/\\\/www.espacity.com\\\/w\\\/mueble\\\/mesa-contemporanea-extensible\\\/#breadcrumb\"},\"inLanguage\":\"es\",\"potentialAction\":[{\"@type\":\"ReadAction\",\"target\":[\"https:\\\/\\\/www.espacity.com\\\/w\\\/mueble\\\/mesa-contemporanea-extensible\\\/\"]}]},{\"@type\":\"ImageObject\",\"inLanguage\":\"es\",\"@id\":\"https:\\\/\\\/www.espacity.com\\\/w\\\/mueble\\\/mesa-contemporanea-extensible\\\/#primaryimage\",\"url\":\"https:\\\/\\\/www.espacity.com\\\/w\\\/wp-content\\\/uploads\\\/2024\\\/12\\\/03180023000006_1.jpg\",\"contentUrl\":\"https:\\\/\\\/www.espacity.com\\\/w\\\/wp-content\\\/uploads\\\/2024\\\/12\\\/03180023000006_1.jpg\",\"width\":1200,\"height\":975},{\"@type\":\"BreadcrumbList\",\"@id\":\"https:\\\/\\\/www.espacity.com\\\/w\\\/mueble\\\/mesa-contemporanea-extensible\\\/#breadcrumb\",\"itemListElement\":[{\"@type\":\"ListItem\",\"position\":1,\"name\":\"Inicio\",\"item\":\"https:\\\/\\\/www.espacity.com\\\/w\\\/\"},{\"@type\":\"ListItem\",\"position\":2,\"name\":\"Muebles\",\"item\":\"https:\\\/\\\/www.espacity.com\\\/w\\\/muebles\\\/\"},{\"@type\":\"ListItem\",\"position\":3,\"name\":\"Mesa Contempor\u00e1nea Extensible\"}]},{\"@type\":\"WebSite\",\"@id\":\"https:\\\/\\\/www.espacity.com\\\/w\\\/#website\",\"url\":\"https:\\\/\\\/www.espacity.com\\\/w\\\/\",\"name\":\"ESP\u00c1CITY\",\"description\":\"home &amp; deco\",\"publisher\":{\"@id\":\"https:\\\/\\\/www.espacity.com\\\/w\\\/#organization\"},\"alternateName\":\"ESP\u00c1CITY\",\"potentialAction\":[{\"@type\":\"SearchAction\",\"target\":{\"@type\":\"EntryPoint\",\"urlTemplate\":\"https:\\\/\\\/www.espacity.com\\\/w\\\/?s={search_term_string}\"},\"query-input\":{\"@type\":\"PropertyValueSpecification\",\"valueRequired\":true,\"valueName\":\"search_term_string\"}}],\"inLanguage\":\"es\"},{\"@type\":\"Organization\",\"@id\":\"https:\\\/\\\/www.espacity.com\\\/w\\\/#organization\",\"name\":\"ESP\u00c1CITY\",\"url\":\"https:\\\/\\\/www.espacity.com\\\/w\\\/\",\"logo\":{\"@type\":\"ImageObject\",\"inLanguage\":\"es\",\"@id\":\"https:\\\/\\\/www.espacity.com\\\/w\\\/#\\\/schema\\\/logo\\\/image\\\/\",\"url\":\"https:\\\/\\\/www.espacity.com\\\/w\\\/wp-content\\\/uploads\\\/2025\\\/04\\\/Logotipo-Espacity-300X300-1.jpg\",\"contentUrl\":\"https:\\\/\\\/www.espacity.com\\\/w\\\/wp-content\\\/uploads\\\/2025\\\/04\\\/Logotipo-Espacity-300X300-1.jpg\",\"width\":300,\"height\":300,\"caption\":\"ESP\u00c1CITY\"},\"image\":{\"@id\":\"https:\\\/\\\/www.espacity.com\\\/w\\\/#\\\/schema\\\/logo\\\/image\\\/\"},\"sameAs\":[\"https:\\\/\\\/web.facebook.com\\\/Espacity\",\"https:\\\/\\\/www.instagram.com\\\/espacityok\",\"https:\\\/\\\/www.youtube.com\\\/channel\\\/UCxYJDrvQ9jCifUH7299iHJw\"]}]}<\/script>\n<!-- \/ Yoast SEO plugin. -->","yoast_head_json":{"title":"Mesa Contempor\u00e1nea Extensible - ESPACITY","robots":{"index":"index","follow":"follow","max-snippet":"max-snippet:-1","max-image-preview":"max-image-preview:large","max-video-preview":"max-video-preview:-1"},"canonical":"https:\/\/www.espacity.com\/w\/mueble\/mesa-contemporanea-extensible\/","og_locale":"es_ES","og_type":"article","og_title":"Mesa Contempor\u00e1nea Extensible - ESPACITY","og_description":"Mesa de Comedor extensible de 1.55 mts. Dise\u00f1o moderno con detalles que marcan la diferencia dentro de la L\u00ednea Contempor\u00e1nea. [&hellip;]","og_url":"https:\/\/www.espacity.com\/w\/mueble\/mesa-contemporanea-extensible\/","og_site_name":"ESPACITY","article_publisher":"https:\/\/web.facebook.com\/Espacity","article_modified_time":"2026-05-16T22:06:35+00:00","og_image":[{"width":1200,"height":975,"url":"https:\/\/www.espacity.com\/w\/wp-content\/uploads\/2024\/12\/03180023000006_1.jpg","type":"image\/jpeg"}],"twitter_card":"summary_large_image","twitter_misc":{"Tiempo de lectura":"1 minuto"},"schema":{"@context":"https:\/\/schema.org","@graph":[{"@type":"WebPage","@id":"https:\/\/www.espacity.com\/w\/mueble\/mesa-contemporanea-extensible\/","url":"https:\/\/www.espacity.com\/w\/mueble\/mesa-contemporanea-extensible\/","name":"Mesa Contempor\u00e1nea Extensible - ESPACITY","isPartOf":{"@id":"https:\/\/www.espacity.com\/w\/#website"},"primaryImageOfPage":{"@id":"https:\/\/www.espacity.com\/w\/mueble\/mesa-contemporanea-extensible\/#primaryimage"},"image":{"@id":"https:\/\/www.espacity.com\/w\/mueble\/mesa-contemporanea-extensible\/#primaryimage"},"thumbnailUrl":"https:\/\/www.espacity.com\/w\/wp-content\/uploads\/2024\/12\/03180023000006_1.jpg","datePublished":"2024-12-17T21:16:03+00:00","dateModified":"2026-05-16T22:06:35+00:00","breadcrumb":{"@id":"https:\/\/www.espacity.com\/w\/mueble\/mesa-contemporanea-extensible\/#breadcrumb"},"inLanguage":"es","potentialAction":[{"@type":"ReadAction","target":["https:\/\/www.espacity.com\/w\/mueble\/mesa-contemporanea-extensible\/"]}]},{"@type":"ImageObject","inLanguage":"es","@id":"https:\/\/www.espacity.com\/w\/mueble\/mesa-contemporanea-extensible\/#primaryimage","url":"https:\/\/www.espacity.com\/w\/wp-content\/uploads\/2024\/12\/03180023000006_1.jpg","contentUrl":"https:\/\/www.espacity.com\/w\/wp-content\/uploads\/2024\/12\/03180023000006_1.jpg","width":1200,"height":975},{"@type":"BreadcrumbList","@id":"https:\/\/www.espacity.com\/w\/mueble\/mesa-contemporanea-extensible\/#breadcrumb","itemListElement":[{"@type":"ListItem","position":1,"name":"Inicio","item":"https:\/\/www.espacity.com\/w\/"},{"@type":"ListItem","position":2,"name":"Muebles","item":"https:\/\/www.espacity.com\/w\/muebles\/"},{"@type":"ListItem","position":3,"name":"Mesa Contempor\u00e1nea Extensible"}]},{"@type":"WebSite","@id":"https:\/\/www.espacity.com\/w\/#website","url":"https:\/\/www.espacity.com\/w\/","name":"ESP\u00c1CITY","description":"home &amp; deco","publisher":{"@id":"https:\/\/www.espacity.com\/w\/#organization"},"alternateName":"ESP\u00c1CITY","potentialAction":[{"@type":"SearchAction","target":{"@type":"EntryPoint","urlTemplate":"https:\/\/www.espacity.com\/w\/?s={search_term_string}"},"query-input":{"@type":"PropertyValueSpecification","valueRequired":true,"valueName":"search_term_string"}}],"inLanguage":"es"},{"@type":"Organization","@id":"https:\/\/www.espacity.com\/w\/#organization","name":"ESP\u00c1CITY","url":"https:\/\/www.espacity.com\/w\/","logo":{"@type":"ImageObject","inLanguage":"es","@id":"https:\/\/www.espacity.com\/w\/#\/schema\/logo\/image\/","url":"https:\/\/www.espacity.com\/w\/wp-content\/uploads\/2025\/04\/Logotipo-Espacity-300X300-1.jpg","contentUrl":"https:\/\/www.espacity.com\/w\/wp-content\/uploads\/2025\/04\/Logotipo-Espacity-300X300-1.jpg","width":300,"height":300,"caption":"ESP\u00c1CITY"},"image":{"@id":"https:\/\/www.espacity.com\/w\/#\/schema\/logo\/image\/"},"sameAs":["https:\/\/web.facebook.com\/Espacity","https:\/\/www.instagram.com\/espacityok","https:\/\/www.youtube.com\/channel\/UCxYJDrvQ9jCifUH7299iHJw"]}]}},"_links":{"self":[{"href":"https:\/\/www.espacity.com\/w\/wp-json\/wp\/v2\/product\/33197","targetHints":{"allow":["GET"]}}],"collection":[{"href":"https:\/\/www.espacity.com\/w\/wp-json\/wp\/v2\/product"}],"about":[{"href":"https:\/\/www.espacity.com\/w\/wp-json\/wp\/v2\/types\/product"}],"wp:featuredmedia":[{"embeddable":true,"href":"https:\/\/www.espacity.com\/w\/wp-json\/wp\/v2\/media\/33156"}],"wp:attachment":[{"href":"https:\/\/www.espacity.com\/w\/wp-json\/wp\/v2\/media?parent=33197"}],"wp:term":[{"taxonomy":"product_brand","embeddable":true,"href":"https:\/\/www.espacity.com\/w\/wp-json\/wp\/v2\/product_brand?post=33197"},{"taxonomy":"product_cat","embeddable":true,"href":"https:\/\/www.espacity.com\/w\/wp-json\/wp\/v2\/product_cat?post=33197"},{"taxonomy":"product_tag","embeddable":true,"href":"https:\/\/www.espacity.com\/w\/wp-json\/wp\/v2\/product_tag?post=33197"}],"curies":[{"name":"wp","href":"https:\/\/api.w.org\/{rel}","templated":true}]}}