{"id":33299,"date":"2024-12-26T22:34:21","date_gmt":"2024-12-27T01:34:21","guid":{"rendered":"https:\/\/www.espacity.com\/w\/?post_type=product&#038;p=33299"},"modified":"2026-05-16T19:08:41","modified_gmt":"2026-05-16T22:08:41","slug":"silla-sapporo","status":"publish","type":"product","link":"https:\/\/www.espacity.com\/w\/mueble\/silla-sapporo\/","title":{"rendered":"Silla Sapporo"},"content":{"rendered":"<p>Silla de Comedor que se caracteriza por su delicadeza y por su gran confort. Est\u00e1 inspirada en las butacas de autos de competici\u00f3n, que contienen y abrazan el cuerpo.<\/p>\n<p>Sus curvas se dise\u00f1aron para garantizar el m\u00e1ximo bienestar. El respaldo est\u00e1 fresado con pant\u00f3grafos de cinco ejes, partiendo de archivos digitales que permiten obtener contornos org\u00e1nicos sutiles que no se pueden lograr en serie con los m\u00e9todos tradicionales de carpinter\u00eda.<\/p>\n<p>El asiento y el respaldo curvo, ambos completamente tapizados, definen un <strong>producto ergon\u00f3mico<\/strong> que proporciona mucha comodidad. La sensaci\u00f3n al sentarse es que contiene y copia la forma del cuerpo de manera natural.<\/p>\n<p>Por su parte, las patas de <strong>madera maciza de para\u00edso<\/strong>, de reminiscencia n\u00f3rdica, suben por la parte trasera del respaldo hasta un punto donde se achican y desaparecen. Este gesto de dise\u00f1o sirve como apoyo del respaldo, reforzando la estructura, y genera un efecto visual distintivo en la morfolog\u00eda de la SILLA SAPPORO.<\/p>\n<p>Su car\u00e1cter refinado <strong>permite diferentes conceptos de aplicaci\u00f3n<\/strong>. Es ideal para dotar de elegancia y jerarqu\u00eda un comedor, para crear protagonismo en un rinc\u00f3n de lectura o en un recibidor, y para generar distinci\u00f3n en un prestigioso hotel o restaurant.<\/p>\n<p>Si bien su estilo es de aire escandinavo, seguimos la tendencia de componer lo tradicional de perfiles modernos con lo n\u00f3rdico. Por lo que no solo se puede combinar con muebles de la L\u00cdNEA VINTAGE, sino tambi\u00e9n con productos de la L\u00cdNEA CONTEMPOR\u00c1NEA.<\/p>\n<p><strong>Medidas:<\/strong><br \/>\nAlto: 90,00 cm<br \/>\nAncho: 58,00 cm<br \/>\nProfundidad: 55,00 cm<\/p>\n","protected":false},"excerpt":{"rendered":"<p>Silla de Comedor que se caracteriza por su delicadeza y por su gran confort. Est\u00e1 inspirada en las butacas de [&hellip;]<\/p>\n","protected":false},"featured_media":33292,"template":"","meta":{"_acf_changed":false,"site-sidebar-layout":"default","site-content-layout":"","ast-site-content-layout":"default","site-content-style":"default","site-sidebar-style":"default","ast-global-header-display":"","ast-banner-title-visibility":"","ast-main-header-display":"","ast-hfb-above-header-display":"","ast-hfb-below-header-display":"","ast-hfb-mobile-header-display":"","site-post-title":"","ast-breadcrumbs-content":"","ast-featured-img":"","footer-sml-layout":"","ast-disable-related-posts":"","theme-transparent-header-meta":"","adv-header-id-meta":"","stick-header-meta":"","header-above-stick-meta":"","header-main-stick-meta":"","header-below-stick-meta":"","astra-migrate-meta-layouts":"default","ast-page-background-enabled":"default","ast-page-background-meta":{"desktop":{"background-color":"var(--ast-global-color-5)","background-image":"","background-repeat":"repeat","background-position":"center center","background-size":"auto","background-attachment":"scroll","background-type":"","background-media":"","overlay-type":"","overlay-color":"","overlay-opacity":"","overlay-gradient":""},"tablet":{"background-color":"","background-image":"","background-repeat":"repeat","background-position":"center center","background-size":"auto","background-attachment":"scroll","background-type":"","background-media":"","overlay-type":"","overlay-color":"","overlay-opacity":"","overlay-gradient":""},"mobile":{"background-color":"","background-image":"","background-repeat":"repeat","background-position":"center center","background-size":"auto","background-attachment":"scroll","background-type":"","background-media":"","overlay-type":"","overlay-color":"","overlay-opacity":"","overlay-gradient":""}},"ast-content-background-meta":{"desktop":{"background-color":"var(--ast-global-color-4)","background-image":"","background-repeat":"repeat","background-position":"center center","background-size":"auto","background-attachment":"scroll","background-type":"","background-media":"","overlay-type":"","overlay-color":"","overlay-opacity":"","overlay-gradient":""},"tablet":{"background-color":"var(--ast-global-color-4)","background-image":"","background-repeat":"repeat","background-position":"center center","background-size":"auto","background-attachment":"scroll","background-type":"","background-media":"","overlay-type":"","overlay-color":"","overlay-opacity":"","overlay-gradient":""},"mobile":{"background-color":"var(--ast-global-color-4)","background-image":"","background-repeat":"repeat","background-position":"center center","background-size":"auto","background-attachment":"scroll","background-type":"","background-media":"","overlay-type":"","overlay-color":"","overlay-opacity":"","overlay-gradient":""}}},"product_brand":[],"product_cat":[624,39],"product_tag":[],"class_list":{"0":"post-33299","1":"product","2":"type-product","3":"status-publish","4":"has-post-thumbnail","6":"product_cat-genoud","7":"product_cat-sillas","8":"product_shipping_class-sillas","9":"desktop-align-left","10":"tablet-align-left","11":"mobile-align-left","13":"first","14":"instock","15":"taxable","16":"shipping-taxable","17":"purchasable","18":"product-type-variable","19":"has-default-attributes","20":"rtwpvg-product"},"acf":[],"yoast_head":"<!-- This site is optimized with the Yoast SEO plugin v27.5 - https:\/\/yoast.com\/product\/yoast-seo-wordpress\/ -->\n<title>Silla Sapporo - ESPACITY<\/title>\n<meta name=\"robots\" content=\"index, follow, max-snippet:-1, max-image-preview:large, max-video-preview:-1\" \/>\n<link rel=\"canonical\" href=\"https:\/\/www.espacity.com\/w\/mueble\/silla-sapporo\/\" \/>\n<meta property=\"og:locale\" content=\"es_ES\" \/>\n<meta property=\"og:type\" content=\"article\" \/>\n<meta property=\"og:title\" content=\"Silla Sapporo - ESPACITY\" \/>\n<meta property=\"og:description\" content=\"Silla de Comedor que se caracteriza por su delicadeza y por su gran confort. Est\u00e1 inspirada en las butacas de [&hellip;]\" \/>\n<meta property=\"og:url\" content=\"https:\/\/www.espacity.com\/w\/mueble\/silla-sapporo\/\" \/>\n<meta property=\"og:site_name\" content=\"ESPACITY\" \/>\n<meta property=\"article:publisher\" content=\"https:\/\/web.facebook.com\/Espacity\" \/>\n<meta property=\"article:modified_time\" content=\"2026-05-16T22:08:41+00:00\" \/>\n<meta property=\"og:image\" content=\"https:\/\/www.espacity.com\/w\/wp-content\/uploads\/2024\/12\/0300002282106_1.jpg\" \/>\n\t<meta property=\"og:image:width\" content=\"1200\" \/>\n\t<meta property=\"og:image:height\" content=\"975\" \/>\n\t<meta property=\"og:image:type\" content=\"image\/jpeg\" \/>\n<meta name=\"twitter:card\" content=\"summary_large_image\" \/>\n<meta name=\"twitter:label1\" content=\"Tiempo de lectura\" \/>\n\t<meta name=\"twitter:data1\" content=\"1 minuto\" \/>\n<script type=\"application\/ld+json\" class=\"yoast-schema-graph\">{\"@context\":\"https:\\\/\\\/schema.org\",\"@graph\":[{\"@type\":\"WebPage\",\"@id\":\"https:\\\/\\\/www.espacity.com\\\/w\\\/mueble\\\/silla-sapporo\\\/\",\"url\":\"https:\\\/\\\/www.espacity.com\\\/w\\\/mueble\\\/silla-sapporo\\\/\",\"name\":\"Silla Sapporo - ESPACITY\",\"isPartOf\":{\"@id\":\"https:\\\/\\\/www.espacity.com\\\/w\\\/#website\"},\"primaryImageOfPage\":{\"@id\":\"https:\\\/\\\/www.espacity.com\\\/w\\\/mueble\\\/silla-sapporo\\\/#primaryimage\"},\"image\":{\"@id\":\"https:\\\/\\\/www.espacity.com\\\/w\\\/mueble\\\/silla-sapporo\\\/#primaryimage\"},\"thumbnailUrl\":\"https:\\\/\\\/www.espacity.com\\\/w\\\/wp-content\\\/uploads\\\/2024\\\/12\\\/0300002282106_1.jpg\",\"datePublished\":\"2024-12-27T01:34:21+00:00\",\"dateModified\":\"2026-05-16T22:08:41+00:00\",\"breadcrumb\":{\"@id\":\"https:\\\/\\\/www.espacity.com\\\/w\\\/mueble\\\/silla-sapporo\\\/#breadcrumb\"},\"inLanguage\":\"es\",\"potentialAction\":[{\"@type\":\"ReadAction\",\"target\":[\"https:\\\/\\\/www.espacity.com\\\/w\\\/mueble\\\/silla-sapporo\\\/\"]}]},{\"@type\":\"ImageObject\",\"inLanguage\":\"es\",\"@id\":\"https:\\\/\\\/www.espacity.com\\\/w\\\/mueble\\\/silla-sapporo\\\/#primaryimage\",\"url\":\"https:\\\/\\\/www.espacity.com\\\/w\\\/wp-content\\\/uploads\\\/2024\\\/12\\\/0300002282106_1.jpg\",\"contentUrl\":\"https:\\\/\\\/www.espacity.com\\\/w\\\/wp-content\\\/uploads\\\/2024\\\/12\\\/0300002282106_1.jpg\",\"width\":1200,\"height\":975},{\"@type\":\"BreadcrumbList\",\"@id\":\"https:\\\/\\\/www.espacity.com\\\/w\\\/mueble\\\/silla-sapporo\\\/#breadcrumb\",\"itemListElement\":[{\"@type\":\"ListItem\",\"position\":1,\"name\":\"Inicio\",\"item\":\"https:\\\/\\\/www.espacity.com\\\/w\\\/\"},{\"@type\":\"ListItem\",\"position\":2,\"name\":\"Muebles\",\"item\":\"https:\\\/\\\/www.espacity.com\\\/w\\\/muebles\\\/\"},{\"@type\":\"ListItem\",\"position\":3,\"name\":\"Silla Sapporo\"}]},{\"@type\":\"WebSite\",\"@id\":\"https:\\\/\\\/www.espacity.com\\\/w\\\/#website\",\"url\":\"https:\\\/\\\/www.espacity.com\\\/w\\\/\",\"name\":\"ESP\u00c1CITY\",\"description\":\"home &amp; deco\",\"publisher\":{\"@id\":\"https:\\\/\\\/www.espacity.com\\\/w\\\/#organization\"},\"alternateName\":\"ESP\u00c1CITY\",\"potentialAction\":[{\"@type\":\"SearchAction\",\"target\":{\"@type\":\"EntryPoint\",\"urlTemplate\":\"https:\\\/\\\/www.espacity.com\\\/w\\\/?s={search_term_string}\"},\"query-input\":{\"@type\":\"PropertyValueSpecification\",\"valueRequired\":true,\"valueName\":\"search_term_string\"}}],\"inLanguage\":\"es\"},{\"@type\":\"Organization\",\"@id\":\"https:\\\/\\\/www.espacity.com\\\/w\\\/#organization\",\"name\":\"ESP\u00c1CITY\",\"url\":\"https:\\\/\\\/www.espacity.com\\\/w\\\/\",\"logo\":{\"@type\":\"ImageObject\",\"inLanguage\":\"es\",\"@id\":\"https:\\\/\\\/www.espacity.com\\\/w\\\/#\\\/schema\\\/logo\\\/image\\\/\",\"url\":\"https:\\\/\\\/www.espacity.com\\\/w\\\/wp-content\\\/uploads\\\/2025\\\/04\\\/Logotipo-Espacity-300X300-1.jpg\",\"contentUrl\":\"https:\\\/\\\/www.espacity.com\\\/w\\\/wp-content\\\/uploads\\\/2025\\\/04\\\/Logotipo-Espacity-300X300-1.jpg\",\"width\":300,\"height\":300,\"caption\":\"ESP\u00c1CITY\"},\"image\":{\"@id\":\"https:\\\/\\\/www.espacity.com\\\/w\\\/#\\\/schema\\\/logo\\\/image\\\/\"},\"sameAs\":[\"https:\\\/\\\/web.facebook.com\\\/Espacity\",\"https:\\\/\\\/www.instagram.com\\\/espacityok\",\"https:\\\/\\\/www.youtube.com\\\/channel\\\/UCxYJDrvQ9jCifUH7299iHJw\"]}]}<\/script>\n<!-- \/ Yoast SEO plugin. -->","yoast_head_json":{"title":"Silla Sapporo - ESPACITY","robots":{"index":"index","follow":"follow","max-snippet":"max-snippet:-1","max-image-preview":"max-image-preview:large","max-video-preview":"max-video-preview:-1"},"canonical":"https:\/\/www.espacity.com\/w\/mueble\/silla-sapporo\/","og_locale":"es_ES","og_type":"article","og_title":"Silla Sapporo - ESPACITY","og_description":"Silla de Comedor que se caracteriza por su delicadeza y por su gran confort. Est\u00e1 inspirada en las butacas de [&hellip;]","og_url":"https:\/\/www.espacity.com\/w\/mueble\/silla-sapporo\/","og_site_name":"ESPACITY","article_publisher":"https:\/\/web.facebook.com\/Espacity","article_modified_time":"2026-05-16T22:08:41+00:00","og_image":[{"width":1200,"height":975,"url":"https:\/\/www.espacity.com\/w\/wp-content\/uploads\/2024\/12\/0300002282106_1.jpg","type":"image\/jpeg"}],"twitter_card":"summary_large_image","twitter_misc":{"Tiempo de lectura":"1 minuto"},"schema":{"@context":"https:\/\/schema.org","@graph":[{"@type":"WebPage","@id":"https:\/\/www.espacity.com\/w\/mueble\/silla-sapporo\/","url":"https:\/\/www.espacity.com\/w\/mueble\/silla-sapporo\/","name":"Silla Sapporo - ESPACITY","isPartOf":{"@id":"https:\/\/www.espacity.com\/w\/#website"},"primaryImageOfPage":{"@id":"https:\/\/www.espacity.com\/w\/mueble\/silla-sapporo\/#primaryimage"},"image":{"@id":"https:\/\/www.espacity.com\/w\/mueble\/silla-sapporo\/#primaryimage"},"thumbnailUrl":"https:\/\/www.espacity.com\/w\/wp-content\/uploads\/2024\/12\/0300002282106_1.jpg","datePublished":"2024-12-27T01:34:21+00:00","dateModified":"2026-05-16T22:08:41+00:00","breadcrumb":{"@id":"https:\/\/www.espacity.com\/w\/mueble\/silla-sapporo\/#breadcrumb"},"inLanguage":"es","potentialAction":[{"@type":"ReadAction","target":["https:\/\/www.espacity.com\/w\/mueble\/silla-sapporo\/"]}]},{"@type":"ImageObject","inLanguage":"es","@id":"https:\/\/www.espacity.com\/w\/mueble\/silla-sapporo\/#primaryimage","url":"https:\/\/www.espacity.com\/w\/wp-content\/uploads\/2024\/12\/0300002282106_1.jpg","contentUrl":"https:\/\/www.espacity.com\/w\/wp-content\/uploads\/2024\/12\/0300002282106_1.jpg","width":1200,"height":975},{"@type":"BreadcrumbList","@id":"https:\/\/www.espacity.com\/w\/mueble\/silla-sapporo\/#breadcrumb","itemListElement":[{"@type":"ListItem","position":1,"name":"Inicio","item":"https:\/\/www.espacity.com\/w\/"},{"@type":"ListItem","position":2,"name":"Muebles","item":"https:\/\/www.espacity.com\/w\/muebles\/"},{"@type":"ListItem","position":3,"name":"Silla Sapporo"}]},{"@type":"WebSite","@id":"https:\/\/www.espacity.com\/w\/#website","url":"https:\/\/www.espacity.com\/w\/","name":"ESP\u00c1CITY","description":"home &amp; deco","publisher":{"@id":"https:\/\/www.espacity.com\/w\/#organization"},"alternateName":"ESP\u00c1CITY","potentialAction":[{"@type":"SearchAction","target":{"@type":"EntryPoint","urlTemplate":"https:\/\/www.espacity.com\/w\/?s={search_term_string}"},"query-input":{"@type":"PropertyValueSpecification","valueRequired":true,"valueName":"search_term_string"}}],"inLanguage":"es"},{"@type":"Organization","@id":"https:\/\/www.espacity.com\/w\/#organization","name":"ESP\u00c1CITY","url":"https:\/\/www.espacity.com\/w\/","logo":{"@type":"ImageObject","inLanguage":"es","@id":"https:\/\/www.espacity.com\/w\/#\/schema\/logo\/image\/","url":"https:\/\/www.espacity.com\/w\/wp-content\/uploads\/2025\/04\/Logotipo-Espacity-300X300-1.jpg","contentUrl":"https:\/\/www.espacity.com\/w\/wp-content\/uploads\/2025\/04\/Logotipo-Espacity-300X300-1.jpg","width":300,"height":300,"caption":"ESP\u00c1CITY"},"image":{"@id":"https:\/\/www.espacity.com\/w\/#\/schema\/logo\/image\/"},"sameAs":["https:\/\/web.facebook.com\/Espacity","https:\/\/www.instagram.com\/espacityok","https:\/\/www.youtube.com\/channel\/UCxYJDrvQ9jCifUH7299iHJw"]}]}},"_links":{"self":[{"href":"https:\/\/www.espacity.com\/w\/wp-json\/wp\/v2\/product\/33299","targetHints":{"allow":["GET"]}}],"collection":[{"href":"https:\/\/www.espacity.com\/w\/wp-json\/wp\/v2\/product"}],"about":[{"href":"https:\/\/www.espacity.com\/w\/wp-json\/wp\/v2\/types\/product"}],"wp:featuredmedia":[{"embeddable":true,"href":"https:\/\/www.espacity.com\/w\/wp-json\/wp\/v2\/media\/33292"}],"wp:attachment":[{"href":"https:\/\/www.espacity.com\/w\/wp-json\/wp\/v2\/media?parent=33299"}],"wp:term":[{"taxonomy":"product_brand","embeddable":true,"href":"https:\/\/www.espacity.com\/w\/wp-json\/wp\/v2\/product_brand?post=33299"},{"taxonomy":"product_cat","embeddable":true,"href":"https:\/\/www.espacity.com\/w\/wp-json\/wp\/v2\/product_cat?post=33299"},{"taxonomy":"product_tag","embeddable":true,"href":"https:\/\/www.espacity.com\/w\/wp-json\/wp\/v2\/product_tag?post=33299"}],"curies":[{"name":"wp","href":"https:\/\/api.w.org\/{rel}","templated":true}]}}